{"id":88,"date":"2019-04-24T02:27:39","date_gmt":"2019-04-24T02:27:39","guid":{"rendered":"http:\/\/hilarious-eel.w5.wpsandbox.pro\/?page_id=88"},"modified":"2026-04-19T10:44:39","modified_gmt":"2026-04-19T07:44:39","slug":"ssk","status":"publish","type":"page","link":"https:\/\/uraskoltukyikama.com\/?page_id=88","title":{"rendered":"S\u0131k Sorulanlar"},"content":{"rendered":"\t\t<div data-elementor-type=\"wp-post\" data-elementor-id=\"88\" class=\"elementor elementor-88\">\n\t\t\t\t\t\t<section class=\"elementor-section elementor-top-section elementor-element elementor-element-fcef87d elementor-section-boxed elementor-section-height-default elementor-section-height-default\" data-id=\"fcef87d\" data-element_type=\"section\" data-e-type=\"section\" data-settings=\"{&quot;background_background&quot;:&quot;classic&quot;}\">\n\t\t\t\t\t\t<div class=\"elementor-container elementor-column-gap-default\">\n\t\t\t\t\t<div class=\"elementor-column elementor-col-50 elementor-top-column elementor-element elementor-element-6351fb8\" data-id=\"6351fb8\" data-element_type=\"column\" data-e-type=\"column\" data-settings=\"{&quot;background_background&quot;:&quot;classic&quot;}\">\n\t\t\t<div class=\"elementor-widget-wrap elementor-element-populated\">\n\t\t\t\t\t\t<div class=\"elementor-element elementor-element-6c9efb3 elementor-widget elementor-widget-accordion\" data-id=\"6c9efb3\" data-element_type=\"widget\" data-e-type=\"widget\" data-widget_type=\"accordion.default\">\n\t\t\t\t\t\t\t<div class=\"elementor-accordion\">\n\t\t\t\t\t\t\t<div class=\"elementor-accordion-item\">\n\t\t\t\t\t<div id=\"elementor-tab-title-1131\" class=\"elementor-tab-title\" data-tab=\"1\" role=\"button\" aria-controls=\"elementor-tab-content-1131\" aria-expanded=\"false\">\n\t\t\t\t\t\t\t\t\t\t\t\t<a class=\"elementor-accordion-title\" tabindex=\"0\">1. Koltuk y\u0131kama ne s\u0131kl\u0131kla yap\u0131lmal\u0131d\u0131r?<\/a>\n\t\t\t\t\t<\/div>\n\t\t\t\t\t<div id=\"elementor-tab-content-1131\" class=\"elementor-tab-content elementor-clearfix\" data-tab=\"1\" role=\"region\" aria-labelledby=\"elementor-tab-title-1131\"><p>Koltuk y\u0131kama s\u0131kl\u0131\u011f\u0131, kullan\u0131m al\u0131\u015fkanl\u0131klar\u0131na, evdeki birey say\u0131s\u0131na ve koltuklar\u0131n maruz kald\u0131\u011f\u0131 ko\u015fullara ba\u011fl\u0131d\u0131r. Genel olarak, y\u0131lda bir veya iki kez profesyonel koltuk y\u0131kama \u00f6nerilir. Ancak, evcil hayvan sahipleri veya s\u0131k\u00e7a kullan\u0131lan oturma odalar\u0131ndaki koltuklar daha s\u0131k temizlenmeyi gerektirebilir.<\/p><\/div>\n\t\t\t\t<\/div>\n\t\t\t\t\t\t\t<div class=\"elementor-accordion-item\">\n\t\t\t\t\t<div id=\"elementor-tab-title-1132\" class=\"elementor-tab-title\" data-tab=\"2\" role=\"button\" aria-controls=\"elementor-tab-content-1132\" aria-expanded=\"false\">\n\t\t\t\t\t\t\t\t\t\t\t\t<a class=\"elementor-accordion-title\" tabindex=\"0\">2. Evde kendi koltuk temizli\u011fimi yapabilir miyim?<\/a>\n\t\t\t\t\t<\/div>\n\t\t\t\t\t<div id=\"elementor-tab-content-1132\" class=\"elementor-tab-content elementor-clearfix\" data-tab=\"2\" role=\"region\" aria-labelledby=\"elementor-tab-title-1132\"><div class=\"elementor-accordion-item\"><div id=\"elementor-tab-content-4332\" class=\"elementor-tab-content elementor-clearfix elementor-active\" role=\"region\" data-tab=\"2\" aria-labelledby=\"elementor-tab-title-4332\"><p>Evde basit leke temizli\u011fi ve toz alma i\u015flemleri yapabilirsiniz, ancak derinlemesine koltuk temizli\u011fi i\u00e7in profesyonel yard\u0131m almak daha etkilidir. Profesyonel koltuk y\u0131kama hizmeti, \u00f6zel ekipmanlar ve temizlik malzemeleri kullanarak koltuklar\u0131 derinlemesine temizleyebilir ve uzun \u00f6m\u00fcrl\u00fc bir temizlik sa\u011flayabilir.<\/p><\/div><\/div><div class=\"elementor-accordion-item\">\u00a0<\/div><\/div>\n\t\t\t\t<\/div>\n\t\t\t\t\t\t\t<div class=\"elementor-accordion-item\">\n\t\t\t\t\t<div id=\"elementor-tab-title-1133\" class=\"elementor-tab-title\" data-tab=\"3\" role=\"button\" aria-controls=\"elementor-tab-content-1133\" aria-expanded=\"false\">\n\t\t\t\t\t\t\t\t\t\t\t\t<a class=\"elementor-accordion-title\" tabindex=\"0\">3. Koltuk temizli\u011fi i\u00e7in kullan\u0131lan kimyasallar zararl\u0131 m\u0131d\u0131r?<\/a>\n\t\t\t\t\t<\/div>\n\t\t\t\t\t<div id=\"elementor-tab-content-1133\" class=\"elementor-tab-content elementor-clearfix\" data-tab=\"3\" role=\"region\" aria-labelledby=\"elementor-tab-title-1133\"><div class=\"elementor-accordion-item\"><div id=\"elementor-tab-content-4333\" class=\"elementor-tab-content elementor-clearfix elementor-active\" role=\"region\" data-tab=\"3\" aria-labelledby=\"elementor-tab-title-4333\"><p>Profesyonel koltuk y\u0131kama hizmetleri genellikle \u00e7evre dostu ve insan sa\u011fl\u0131\u011f\u0131na uygun temizlik \u00fcr\u00fcnleri kullan\u0131r, bu nedenle zararl\u0131 olmaz.<\/p><\/div><\/div><div class=\"elementor-accordion-item\">\u00a0<\/div><\/div>\n\t\t\t\t<\/div>\n\t\t\t\t\t\t\t<div class=\"elementor-accordion-item\">\n\t\t\t\t\t<div id=\"elementor-tab-title-1134\" class=\"elementor-tab-title\" data-tab=\"4\" role=\"button\" aria-controls=\"elementor-tab-content-1134\" aria-expanded=\"false\">\n\t\t\t\t\t\t\t\t\t\t\t\t<a class=\"elementor-accordion-title\" tabindex=\"0\">4. Randevu al\u0131rken nelere dikkat etmeliyim?<\/a>\n\t\t\t\t\t<\/div>\n\t\t\t\t\t<div id=\"elementor-tab-content-1134\" class=\"elementor-tab-content elementor-clearfix\" data-tab=\"4\" role=\"region\" aria-labelledby=\"elementor-tab-title-1134\"><div class=\"elementor-accordion-item\"><div id=\"elementor-tab-content-4334\" class=\"elementor-tab-content elementor-clearfix elementor-active\" role=\"region\" data-tab=\"4\" aria-labelledby=\"elementor-tab-title-4334\"><p>Randevu al\u0131rken, temizlenecek e\u015fyalar\u0131n t\u00fcr\u00fc (koltuk, ara\u00e7 koltu\u011fu, yatak, hal\u0131fleks) ve lekelerin durumu hakk\u0131nda bilgi vermeniz, en uygun hizmeti sunmam\u0131za yard\u0131mc\u0131 olacakt\u0131r.<\/p><\/div><\/div><div class=\"elementor-accordion-item\">\u00a0<\/div><\/div>\n\t\t\t\t<\/div>\n\t\t\t\t\t\t\t<div class=\"elementor-accordion-item\">\n\t\t\t\t\t<div id=\"elementor-tab-title-1135\" class=\"elementor-tab-title\" data-tab=\"5\" role=\"button\" aria-controls=\"elementor-tab-content-1135\" aria-expanded=\"false\">\n\t\t\t\t\t\t\t\t\t\t\t\t<a class=\"elementor-accordion-title\" tabindex=\"0\">5. Fiyatlar nas\u0131l belirleniyor?<\/a>\n\t\t\t\t\t<\/div>\n\t\t\t\t\t<div id=\"elementor-tab-content-1135\" class=\"elementor-tab-content elementor-clearfix\" data-tab=\"5\" role=\"region\" aria-labelledby=\"elementor-tab-title-1135\"><section class=\"elementor-section elementor-top-section elementor-element elementor-element-753cc97 elementor-section-boxed elementor-section-height-default elementor-section-height-default\" data-id=\"753cc97\" data-element_type=\"section\" data-e-type=\"section\" data-settings=\"{&quot;background_background&quot;:&quot;classic&quot;}\"><div class=\"elementor-container elementor-column-gap-default\"><div class=\"elementor-column elementor-col-100 elementor-top-column elementor-element elementor-element-bd2b0cb\" data-id=\"bd2b0cb\" data-element_type=\"column\" data-e-type=\"column\"><div class=\"elementor-widget-wrap elementor-element-populated\"><section class=\"elementor-section elementor-inner-section elementor-element elementor-element-7c87956 elementor-section-boxed elementor-section-height-default elementor-section-height-default\" data-id=\"7c87956\" data-element_type=\"section\" data-e-type=\"section\"><div class=\"elementor-container elementor-column-gap-default\"><div class=\"elementor-column elementor-col-50 elementor-inner-column elementor-element elementor-element-004b8e0\" data-id=\"004b8e0\" data-element_type=\"column\" data-e-type=\"column\" data-settings=\"{&quot;background_background&quot;:&quot;classic&quot;}\"><div class=\"elementor-widget-wrap elementor-element-populated\"><div class=\"elementor-element elementor-element-295a6a7 elementor-widget elementor-widget-accordion\" data-id=\"295a6a7\" data-element_type=\"widget\" data-e-type=\"widget\" data-widget_type=\"accordion.default\"><div class=\"elementor-accordion\"><div class=\"elementor-accordion-item\"><div id=\"elementor-tab-content-4335\" class=\"elementor-tab-content elementor-clearfix elementor-active\" role=\"region\" data-tab=\"5\" aria-labelledby=\"elementor-tab-title-4335\"><p>Fiyatlar\u0131m\u0131z, temizlenecek e\u015fya t\u00fcr\u00fc, say\u0131s\u0131 ve temizlik y\u00f6ntemine g\u00f6re de\u011fi\u015fiklik g\u00f6stermektedir. Kesin fiyat i\u00e7in bizi arayabilirsiniz.<\/p><\/div><\/div><\/div><\/div><\/div><\/div><\/div><\/section><\/div><\/div><\/div><\/section><section class=\"elementor-section elementor-top-section elementor-element elementor-element-c64e1d0 elementor-section-boxed elementor-section-height-default elementor-section-height-default\" data-id=\"c64e1d0\" data-element_type=\"section\" data-e-type=\"section\" data-settings=\"{&quot;background_background&quot;:&quot;classic&quot;}\"><div class=\"elementor-container elementor-column-gap-default\"><div class=\"elementor-column elementor-col-100 elementor-top-column elementor-element elementor-element-2f1752e\" data-id=\"2f1752e\" data-element_type=\"column\" data-e-type=\"column\"><div class=\"elementor-widget-wrap elementor-element-populated\"><section class=\"elementor-section elementor-inner-section elementor-element elementor-element-37b5682 elementor-section-boxed elementor-section-height-default elementor-section-height-default\" data-id=\"37b5682\" data-element_type=\"section\" data-e-type=\"section\"><div class=\"elementor-container elementor-column-gap-default\"><div class=\"elementor-column elementor-col-100 elementor-inner-column elementor-element elementor-element-d69c4dd\" data-id=\"d69c4dd\" data-element_type=\"column\" data-e-type=\"column\" data-settings=\"{&quot;background_background&quot;:&quot;classic&quot;}\"><div class=\"elementor-widget-wrap elementor-element-populated\"><div class=\"elementor-element elementor-element-d53934c elementor-widget elementor-widget-heading\" data-id=\"d53934c\" data-element_type=\"widget\" data-e-type=\"widget\" data-widget_type=\"heading.default\">\u00a0<\/div><\/div><\/div><\/div><\/section><\/div><\/div><\/div><\/section><\/div>\n\t\t\t\t<\/div>\n\t\t\t\t\t\t\t\t<\/div>\n\t\t\t\t\t\t<\/div>\n\t\t\t\t\t<\/div>\n\t\t<\/div>\n\t\t\t\t<div class=\"elementor-column elementor-col-50 elementor-top-column elementor-element elementor-element-f789dce\" data-id=\"f789dce\" data-element_type=\"column\" data-e-type=\"column\">\n\t\t\t<div class=\"elementor-widget-wrap elementor-element-populated\">\n\t\t\t\t\t\t<div class=\"elementor-element elementor-element-a67d7f8 elementor-widget elementor-widget-accordion\" data-id=\"a67d7f8\" data-element_type=\"widget\" data-e-type=\"widget\" data-widget_type=\"accordion.default\">\n\t\t\t\t\t\t\t<div class=\"elementor-accordion\">\n\t\t\t\t\t\t\t<div class=\"elementor-accordion-item\">\n\t\t\t\t\t<div id=\"elementor-tab-title-1741\" class=\"elementor-tab-title\" data-tab=\"1\" role=\"button\" aria-controls=\"elementor-tab-content-1741\" aria-expanded=\"false\">\n\t\t\t\t\t\t\t\t\t\t\t\t<a class=\"elementor-accordion-title\" tabindex=\"0\">6. Yatak temizli\u011fi neden \u00f6nemlidir?<\/a>\n\t\t\t\t\t<\/div>\n\t\t\t\t\t<div id=\"elementor-tab-content-1741\" class=\"elementor-tab-content elementor-clearfix\" data-tab=\"1\" role=\"region\" aria-labelledby=\"elementor-tab-title-1741\"><p data-start=\"451\" data-end=\"585\">Yataklar zamanla bakteri ve akar biriktirir; d\u00fczenli temizlik daha sa\u011fl\u0131kl\u0131 bir uyku sa\u011flar.<\/p><p data-start=\"587\" data-end=\"707\">\u00a0<\/p><\/div>\n\t\t\t\t<\/div>\n\t\t\t\t\t\t\t<div class=\"elementor-accordion-item\">\n\t\t\t\t\t<div id=\"elementor-tab-title-1742\" class=\"elementor-tab-title\" data-tab=\"2\" role=\"button\" aria-controls=\"elementor-tab-content-1742\" aria-expanded=\"false\">\n\t\t\t\t\t\t\t\t\t\t\t\t<a class=\"elementor-accordion-title\" tabindex=\"0\">7. Ara\u00e7 koltu\u011fu temizli\u011fi yap\u0131yor musunuz?<\/a>\n\t\t\t\t\t<\/div>\n\t\t\t\t\t<div id=\"elementor-tab-content-1742\" class=\"elementor-tab-content elementor-clearfix\" data-tab=\"2\" role=\"region\" aria-labelledby=\"elementor-tab-title-1742\"><p data-start=\"587\" data-end=\"707\">Evet, oto koltuklar\u0131n\u0131z\u0131 yerinde profesyonel ekipmanlarla temizliyoruz.<\/p><p data-start=\"709\" data-end=\"821\">\u00a0<\/p><\/div>\n\t\t\t\t<\/div>\n\t\t\t\t\t\t\t<div class=\"elementor-accordion-item\">\n\t\t\t\t\t<div id=\"elementor-tab-title-1743\" class=\"elementor-tab-title\" data-tab=\"3\" role=\"button\" aria-controls=\"elementor-tab-content-1743\" aria-expanded=\"false\">\n\t\t\t\t\t\t\t\t\t\t\t\t<a class=\"elementor-accordion-title\" tabindex=\"0\">8. Hal\u0131 y\u0131kama hizmetiniz var m\u0131?<\/a>\n\t\t\t\t\t<\/div>\n\t\t\t\t\t<div id=\"elementor-tab-content-1743\" class=\"elementor-tab-content elementor-clearfix\" data-tab=\"3\" role=\"region\" aria-labelledby=\"elementor-tab-title-1743\"><p data-start=\"709\" data-end=\"821\">Evet, hal\u0131lar\u0131n\u0131z\u0131 derinlemesine temizleyerek hijyenik hale getiriyoruz.<\/p><p data-start=\"823\" data-end=\"963\">\u00a0<\/p><\/div>\n\t\t\t\t<\/div>\n\t\t\t\t\t\t\t<div class=\"elementor-accordion-item\">\n\t\t\t\t\t<div id=\"elementor-tab-title-1744\" class=\"elementor-tab-title\" data-tab=\"4\" role=\"button\" aria-controls=\"elementor-tab-content-1744\" aria-expanded=\"false\">\n\t\t\t\t\t\t\t\t\t\t\t\t<a class=\"elementor-accordion-title\" tabindex=\"0\">9. Lekeler tamamen \u00e7\u0131kar m\u0131?<\/a>\n\t\t\t\t\t<\/div>\n\t\t\t\t\t<div id=\"elementor-tab-content-1744\" class=\"elementor-tab-content elementor-clearfix\" data-tab=\"4\" role=\"region\" aria-labelledby=\"elementor-tab-title-1744\"><p data-start=\"823\" data-end=\"963\">Lekenin t\u00fcr\u00fcne ba\u011fl\u0131 olarak b\u00fcy\u00fck oranda \u00e7\u0131kar\u0131l\u0131r, ancak baz\u0131 kal\u0131c\u0131 lekeler tamamen temizlenemeyebilir.<\/p><p data-start=\"965\" data-end=\"1075\">\u00a0<\/p><\/div>\n\t\t\t\t<\/div>\n\t\t\t\t\t\t\t<div class=\"elementor-accordion-item\">\n\t\t\t\t\t<div id=\"elementor-tab-title-1745\" class=\"elementor-tab-title\" data-tab=\"5\" role=\"button\" aria-controls=\"elementor-tab-content-1745\" aria-expanded=\"false\">\n\t\t\t\t\t\t\t\t\t\t\t\t<a class=\"elementor-accordion-title\" tabindex=\"0\">10 Randevu nas\u0131l alabilirim?<\/a>\n\t\t\t\t\t<\/div>\n\t\t\t\t\t<div id=\"elementor-tab-content-1745\" class=\"elementor-tab-content elementor-clearfix\" data-tab=\"5\" role=\"region\" aria-labelledby=\"elementor-tab-title-1745\"><p>Telefon veya WhatsApp \u00fczerinden kolayca randevu olu\u015fturabilirsiniz.<\/p><\/div>\n\t\t\t\t<\/div>\n\t\t\t\t\t\t\t\t<\/div>\n\t\t\t\t\t\t<\/div>\n\t\t\t\t\t<\/div>\n\t\t<\/div>\n\t\t\t\t\t<\/div>\n\t\t<\/section>\n\t\t\t\t<section class=\"elementor-section elementor-top-section elementor-element elementor-element-cecae77 elementor-section-boxed elementor-section-height-default elementor-section-height-default\" data-id=\"cecae77\" data-element_type=\"section\" data-e-type=\"section\" data-settings=\"{&quot;background_background&quot;:&quot;classic&quot;}\">\n\t\t\t\t\t\t<div class=\"elementor-container elementor-column-gap-default\">\n\t\t\t\t\t<div class=\"elementor-column elementor-col-100 elementor-top-column elementor-element elementor-element-a91d296\" data-id=\"a91d296\" data-element_type=\"column\" data-e-type=\"column\">\n\t\t\t<div class=\"elementor-widget-wrap elementor-element-populated\">\n\t\t\t\t\t\t<section class=\"elementor-section elementor-inner-section elementor-element elementor-element-edd3265 elementor-section-boxed elementor-section-height-default elementor-section-height-default\" data-id=\"edd3265\" data-element_type=\"section\" data-e-type=\"section\">\n\t\t\t\t\t\t<div class=\"elementor-container elementor-column-gap-default\">\n\t\t\t\t\t<div class=\"elementor-column elementor-col-100 elementor-inner-column elementor-element elementor-element-e4462a3\" data-id=\"e4462a3\" data-element_type=\"column\" data-e-type=\"column\" data-settings=\"{&quot;background_background&quot;:&quot;classic&quot;}\">\n\t\t\t<div class=\"elementor-widget-wrap elementor-element-populated\">\n\t\t\t\t\t\t<div class=\"elementor-element elementor-element-5156d94 elementor-widget elementor-widget-heading\" data-id=\"5156d94\" data-element_type=\"widget\" data-e-type=\"widget\" data-widget_type=\"heading.default\">\n\t\t\t\t\t<h2 class=\"elementor-heading-title elementor-size-default\">Temizlik \u0130htiyac\u0131n\u0131z m\u0131 Mevcut ?<\/h2>\t\t\t\t<\/div>\n\t\t\t\t<div class=\"elementor-element elementor-element-dbbcf2d elementor-widget elementor-widget-text-editor\" data-id=\"dbbcf2d\" data-element_type=\"widget\" data-e-type=\"widget\" data-widget_type=\"text-editor.default\">\n\t\t\t\t\t\t\t\t\t<p>Koltuklar\u0131n\u0131z\u0131n profesyonel temizlikle yenilenmesini istiyorsan\u0131z, do\u011fru yerdesiniz! Hemen bizimle ileti\u015fime ge\u00e7in, temizli\u011fe ilk ad\u0131m\u0131 birlikte atal\u0131m.<\/p>\t\t\t\t\t\t\t\t<\/div>\n\t\t\t\t\t<\/div>\n\t\t<\/div>\n\t\t\t\t\t<\/div>\n\t\t<\/section>\n\t\t\t\t<div class=\"elementor-element elementor-element-cfe7188 elementor-align-center elementor-widget elementor-widget-button\" data-id=\"cfe7188\" data-element_type=\"widget\" data-e-type=\"widget\" data-widget_type=\"button.default\">\n\t\t\t\t\t\t\t\t\t\t<a class=\"elementor-button elementor-button-link elementor-size-sm\" href=\"https:\/\/uraskoltukyikama.com\/?page_id=41\">\n\t\t\t\t\t\t<span class=\"elementor-button-content-wrapper\">\n\t\t\t\t\t\t\t\t\t<span class=\"elementor-button-text\">\u0130leti\u015fime Ge\u00e7in<\/span>\n\t\t\t\t\t<\/span>\n\t\t\t\t\t<\/a>\n\t\t\t\t\t\t\t\t<\/div>\n\t\t\t\t\t<\/div>\n\t\t<\/div>\n\t\t\t\t\t<\/div>\n\t\t<\/section>\n\t\t\t\t<\/div>\n\t\t","protected":false},"excerpt":{"rendered":"<p>1. Koltuk y\u0131kama ne s\u0131kl\u0131kla yap\u0131lmal\u0131d\u0131r? Koltuk y\u0131kama s\u0131kl\u0131\u011f\u0131, kullan\u0131m al\u0131\u015fkanl\u0131klar\u0131na, evdeki birey say\u0131s\u0131na ve koltuklar\u0131n maruz kald\u0131\u011f\u0131 ko\u015fullara ba\u011fl\u0131d\u0131r. Genel olarak, y\u0131lda bir veya iki kez profesyonel koltuk y\u0131kama \u00f6nerilir. Ancak, evcil hayvan sahipleri veya s\u0131k\u00e7a kullan\u0131lan oturma odalar\u0131ndaki koltuklar daha s\u0131k temizlenmeyi gerektirebilir. 2. Evde kendi koltuk temizli\u011fimi yapabilir miyim? Evde basit leke [&hellip;]<\/p>\n","protected":false},"author":1,"featured_media":0,"parent":0,"menu_order":0,"comment_status":"closed","ping_status":"closed","template":"page-templates\/pagebuilder.php","meta":{"zakra_page_container_layout":"stretched","zakra_page_sidebar_layout":"no_sidebar","zakra_remove_content_margin":false,"zakra_sidebar":"customizer","zakra_transparent_header":"0","zakra_logo":0,"zakra_main_header_style":"default","zakra_menu_item_color":"","zakra_menu_item_hover_color":"","zakra_menu_item_active_color":"","zakra_menu_active_style":"","zakra_page_header":true,"footnotes":""},"class_list":["post-88","page","type-page","status-publish","hentry"],"yoast_head":"<!-- This site is optimized with the Yoast SEO plugin v27.4 - https:\/\/yoast.com\/product\/yoast-seo-wordpress\/ -->\n<title>S\u0131k Sorulanlar - Uras Koltuk Y\u0131kama<\/title>\n<meta name=\"robots\" content=\"index, follow, max-snippet:-1, max-image-preview:large, max-video-preview:-1\" \/>\n<link rel=\"canonical\" href=\"https:\/\/uraskoltukyikama.com\/?page_id=88\" \/>\n<meta property=\"og:locale\" content=\"tr_TR\" \/>\n<meta property=\"og:type\" content=\"article\" \/>\n<meta property=\"og:title\" content=\"S\u0131k Sorulanlar - Uras Koltuk Y\u0131kama\" \/>\n<meta property=\"og:description\" content=\"1. Koltuk y\u0131kama ne s\u0131kl\u0131kla yap\u0131lmal\u0131d\u0131r? Koltuk y\u0131kama s\u0131kl\u0131\u011f\u0131, kullan\u0131m al\u0131\u015fkanl\u0131klar\u0131na, evdeki birey say\u0131s\u0131na ve koltuklar\u0131n maruz kald\u0131\u011f\u0131 ko\u015fullara ba\u011fl\u0131d\u0131r. Genel olarak, y\u0131lda bir veya iki kez profesyonel koltuk y\u0131kama \u00f6nerilir. Ancak, evcil hayvan sahipleri veya s\u0131k\u00e7a kullan\u0131lan oturma odalar\u0131ndaki koltuklar daha s\u0131k temizlenmeyi gerektirebilir. 2. Evde kendi koltuk temizli\u011fimi yapabilir miyim? Evde basit leke [&hellip;]\" \/>\n<meta property=\"og:url\" content=\"https:\/\/uraskoltukyikama.com\/?page_id=88\" \/>\n<meta property=\"og:site_name\" content=\"Uras Koltuk Y\u0131kama\" \/>\n<meta property=\"article:modified_time\" content=\"2026-04-19T07:44:39+00:00\" \/>\n<meta name=\"twitter:card\" content=\"summary_large_image\" \/>\n<meta name=\"twitter:label1\" content=\"Tahmini okuma s\u00fcresi\" \/>\n\t<meta name=\"twitter:data1\" content=\"2 dakika\" \/>\n<script type=\"application\/ld+json\" class=\"yoast-schema-graph\">{\"@context\":\"https:\\\/\\\/schema.org\",\"@graph\":[{\"@type\":\"WebPage\",\"@id\":\"https:\\\/\\\/uraskoltukyikama.com\\\/?page_id=88\",\"url\":\"https:\\\/\\\/uraskoltukyikama.com\\\/?page_id=88\",\"name\":\"S\u0131k Sorulanlar - Uras Koltuk Y\u0131kama\",\"isPartOf\":{\"@id\":\"https:\\\/\\\/uraskoltukyikama.com\\\/#website\"},\"datePublished\":\"2019-04-24T02:27:39+00:00\",\"dateModified\":\"2026-04-19T07:44:39+00:00\",\"breadcrumb\":{\"@id\":\"https:\\\/\\\/uraskoltukyikama.com\\\/?page_id=88#breadcrumb\"},\"inLanguage\":\"tr\",\"potentialAction\":[{\"@type\":\"ReadAction\",\"target\":[\"https:\\\/\\\/uraskoltukyikama.com\\\/?page_id=88\"]}]},{\"@type\":\"BreadcrumbList\",\"@id\":\"https:\\\/\\\/uraskoltukyikama.com\\\/?page_id=88#breadcrumb\",\"itemListElement\":[{\"@type\":\"ListItem\",\"position\":1,\"name\":\"Anasayfa\",\"item\":\"https:\\\/\\\/uraskoltukyikama.com\\\/\"},{\"@type\":\"ListItem\",\"position\":2,\"name\":\"S\u0131k Sorulanlar\"}]},{\"@type\":\"WebSite\",\"@id\":\"https:\\\/\\\/uraskoltukyikama.com\\\/#website\",\"url\":\"https:\\\/\\\/uraskoltukyikama.com\\\/\",\"name\":\"Uras Koltuk Y\u0131kama\",\"description\":\"\",\"publisher\":{\"@id\":\"https:\\\/\\\/uraskoltukyikama.com\\\/#organization\"},\"potentialAction\":[{\"@type\":\"SearchAction\",\"target\":{\"@type\":\"EntryPoint\",\"urlTemplate\":\"https:\\\/\\\/uraskoltukyikama.com\\\/?s={search_term_string}\"},\"query-input\":{\"@type\":\"PropertyValueSpecification\",\"valueRequired\":true,\"valueName\":\"search_term_string\"}}],\"inLanguage\":\"tr\"},{\"@type\":\"Organization\",\"@id\":\"https:\\\/\\\/uraskoltukyikama.com\\\/#organization\",\"name\":\"Uras Koltuk Y\u0131kama\",\"url\":\"https:\\\/\\\/uraskoltukyikama.com\\\/\",\"logo\":{\"@type\":\"ImageObject\",\"inLanguage\":\"tr\",\"@id\":\"https:\\\/\\\/uraskoltukyikama.com\\\/#\\\/schema\\\/logo\\\/image\\\/\",\"url\":\"https:\\\/\\\/uraskoltukyikama.com\\\/wp-content\\\/uploads\\\/2026\\\/03\\\/URASLOGOVECTOR2-scaled.png\",\"contentUrl\":\"https:\\\/\\\/uraskoltukyikama.com\\\/wp-content\\\/uploads\\\/2026\\\/03\\\/URASLOGOVECTOR2-scaled.png\",\"width\":2560,\"height\":799,\"caption\":\"Uras Koltuk Y\u0131kama\"},\"image\":{\"@id\":\"https:\\\/\\\/uraskoltukyikama.com\\\/#\\\/schema\\\/logo\\\/image\\\/\"}}]}<\/script>\n<!-- \/ Yoast SEO plugin. -->","yoast_head_json":{"title":"S\u0131k Sorulanlar - Uras Koltuk Y\u0131kama","robots":{"index":"index","follow":"follow","max-snippet":"max-snippet:-1","max-image-preview":"max-image-preview:large","max-video-preview":"max-video-preview:-1"},"canonical":"https:\/\/uraskoltukyikama.com\/?page_id=88","og_locale":"tr_TR","og_type":"article","og_title":"S\u0131k Sorulanlar - Uras Koltuk Y\u0131kama","og_description":"1. Koltuk y\u0131kama ne s\u0131kl\u0131kla yap\u0131lmal\u0131d\u0131r? Koltuk y\u0131kama s\u0131kl\u0131\u011f\u0131, kullan\u0131m al\u0131\u015fkanl\u0131klar\u0131na, evdeki birey say\u0131s\u0131na ve koltuklar\u0131n maruz kald\u0131\u011f\u0131 ko\u015fullara ba\u011fl\u0131d\u0131r. Genel olarak, y\u0131lda bir veya iki kez profesyonel koltuk y\u0131kama \u00f6nerilir. Ancak, evcil hayvan sahipleri veya s\u0131k\u00e7a kullan\u0131lan oturma odalar\u0131ndaki koltuklar daha s\u0131k temizlenmeyi gerektirebilir. 2. Evde kendi koltuk temizli\u011fimi yapabilir miyim? Evde basit leke [&hellip;]","og_url":"https:\/\/uraskoltukyikama.com\/?page_id=88","og_site_name":"Uras Koltuk Y\u0131kama","article_modified_time":"2026-04-19T07:44:39+00:00","twitter_card":"summary_large_image","twitter_misc":{"Tahmini okuma s\u00fcresi":"2 dakika"},"schema":{"@context":"https:\/\/schema.org","@graph":[{"@type":"WebPage","@id":"https:\/\/uraskoltukyikama.com\/?page_id=88","url":"https:\/\/uraskoltukyikama.com\/?page_id=88","name":"S\u0131k Sorulanlar - Uras Koltuk Y\u0131kama","isPartOf":{"@id":"https:\/\/uraskoltukyikama.com\/#website"},"datePublished":"2019-04-24T02:27:39+00:00","dateModified":"2026-04-19T07:44:39+00:00","breadcrumb":{"@id":"https:\/\/uraskoltukyikama.com\/?page_id=88#breadcrumb"},"inLanguage":"tr","potentialAction":[{"@type":"ReadAction","target":["https:\/\/uraskoltukyikama.com\/?page_id=88"]}]},{"@type":"BreadcrumbList","@id":"https:\/\/uraskoltukyikama.com\/?page_id=88#breadcrumb","itemListElement":[{"@type":"ListItem","position":1,"name":"Anasayfa","item":"https:\/\/uraskoltukyikama.com\/"},{"@type":"ListItem","position":2,"name":"S\u0131k Sorulanlar"}]},{"@type":"WebSite","@id":"https:\/\/uraskoltukyikama.com\/#website","url":"https:\/\/uraskoltukyikama.com\/","name":"Uras Koltuk Y\u0131kama","description":"","publisher":{"@id":"https:\/\/uraskoltukyikama.com\/#organization"},"potentialAction":[{"@type":"SearchAction","target":{"@type":"EntryPoint","urlTemplate":"https:\/\/uraskoltukyikama.com\/?s={search_term_string}"},"query-input":{"@type":"PropertyValueSpecification","valueRequired":true,"valueName":"search_term_string"}}],"inLanguage":"tr"},{"@type":"Organization","@id":"https:\/\/uraskoltukyikama.com\/#organization","name":"Uras Koltuk Y\u0131kama","url":"https:\/\/uraskoltukyikama.com\/","logo":{"@type":"ImageObject","inLanguage":"tr","@id":"https:\/\/uraskoltukyikama.com\/#\/schema\/logo\/image\/","url":"https:\/\/uraskoltukyikama.com\/wp-content\/uploads\/2026\/03\/URASLOGOVECTOR2-scaled.png","contentUrl":"https:\/\/uraskoltukyikama.com\/wp-content\/uploads\/2026\/03\/URASLOGOVECTOR2-scaled.png","width":2560,"height":799,"caption":"Uras Koltuk Y\u0131kama"},"image":{"@id":"https:\/\/uraskoltukyikama.com\/#\/schema\/logo\/image\/"}}]}},"_hostinger_reach_plugin_has_subscription_block":false,"_hostinger_reach_plugin_is_elementor":false,"_links":{"self":[{"href":"https:\/\/uraskoltukyikama.com\/index.php?rest_route=\/wp\/v2\/pages\/88","targetHints":{"allow":["GET"]}}],"collection":[{"href":"https:\/\/uraskoltukyikama.com\/index.php?rest_route=\/wp\/v2\/pages"}],"about":[{"href":"https:\/\/uraskoltukyikama.com\/index.php?rest_route=\/wp\/v2\/types\/page"}],"author":[{"embeddable":true,"href":"https:\/\/uraskoltukyikama.com\/index.php?rest_route=\/wp\/v2\/users\/1"}],"replies":[{"embeddable":true,"href":"https:\/\/uraskoltukyikama.com\/index.php?rest_route=%2Fwp%2Fv2%2Fcomments&post=88"}],"version-history":[{"count":10,"href":"https:\/\/uraskoltukyikama.com\/index.php?rest_route=\/wp\/v2\/pages\/88\/revisions"}],"predecessor-version":[{"id":2481,"href":"https:\/\/uraskoltukyikama.com\/index.php?rest_route=\/wp\/v2\/pages\/88\/revisions\/2481"}],"wp:attachment":[{"href":"https:\/\/uraskoltukyikama.com\/index.php?rest_route=%2Fwp%2Fv2%2Fmedia&parent=88"}],"curies":[{"name":"wp","href":"https:\/\/api.w.org\/{rel}","templated":true}]}}