{"id":2567,"date":"2026-04-19T23:09:55","date_gmt":"2026-04-19T20:09:55","guid":{"rendered":"https:\/\/uraskoltukyikama.com\/?page_id=2567"},"modified":"2026-04-19T23:19:25","modified_gmt":"2026-04-19T20:19:25","slug":"hizmet-galerisi","status":"publish","type":"page","link":"https:\/\/uraskoltukyikama.com\/?page_id=2567","title":{"rendered":"Hizmet Galerisi"},"content":{"rendered":"\t\t<div data-elementor-type=\"wp-post\" data-elementor-id=\"2567\" class=\"elementor elementor-2567\">\n\t\t\t\t\t\t<section class=\"elementor-section elementor-top-section elementor-element elementor-element-7993fa3 elementor-section-boxed elementor-section-height-default elementor-section-height-default\" data-id=\"7993fa3\" data-element_type=\"section\" data-e-type=\"section\">\n\t\t\t\t\t\t<div class=\"elementor-container elementor-column-gap-default\">\n\t\t\t\t\t<div class=\"elementor-column elementor-col-100 elementor-top-column elementor-element elementor-element-0fa2066\" data-id=\"0fa2066\" data-element_type=\"column\" data-e-type=\"column\">\n\t\t\t<div class=\"elementor-widget-wrap\">\n\t\t\t\t\t\t\t<\/div>\n\t\t<\/div>\n\t\t\t\t\t<\/div>\n\t\t<\/section>\n\t\t<div class=\"elementor-element elementor-element-0386234 e-flex e-con-boxed e-con e-parent\" data-id=\"0386234\" data-element_type=\"container\" data-e-type=\"container\">\n\t\t\t\t\t<div class=\"e-con-inner\">\n\t\t<div class=\"elementor-element elementor-element-0f3c6b6 e-con-full e-flex e-con e-child\" data-id=\"0f3c6b6\" data-element_type=\"container\" data-e-type=\"container\">\n\t\t\t\t<div class=\"elementor-element elementor-element-26bc4b6 elementor-widget elementor-widget-wb-before-after-image-slider-elementor\" data-id=\"26bc4b6\" data-element_type=\"widget\" data-e-type=\"widget\" data-widget_type=\"wb-before-after-image-slider-elementor.default\">\n\t\t\t\t<div class=\"elementor-widget-container\">\n\t\t\t\t\t\t\t<div class=\"wb_ebais_twentytwenty_container twentytwenty-container\" id=\"wb_before_after_26bc4b6\">\r\n\t\t\t<span class='before_text'>Before<\/span>\r\n\t\t\t<span class='after_text'>After<\/span>\r\n<img fetchpriority=\"high\" decoding=\"async\" width=\"1024\" height=\"674\" src=\"https:\/\/uraskoltukyikama.com\/wp-content\/uploads\/2026\/04\/sandalye-yikama.jpg\" class=\"attachment-full size-full wp-image-2532\" alt=\"\" srcset=\"https:\/\/uraskoltukyikama.com\/wp-content\/uploads\/2026\/04\/sandalye-yikama.jpg 1024w, https:\/\/uraskoltukyikama.com\/wp-content\/uploads\/2026\/04\/sandalye-yikama-300x197.jpg 300w, https:\/\/uraskoltukyikama.com\/wp-content\/uploads\/2026\/04\/sandalye-yikama-768x506.jpg 768w\" sizes=\"(max-width: 1024px) 100vw, 1024px\" \/><img decoding=\"async\" width=\"1280\" height=\"854\" src=\"https:\/\/uraskoltukyikama.com\/wp-content\/uploads\/2026\/04\/ev_temizligi.jpg\" class=\"attachment-full size-full wp-image-2528\" alt=\"\" srcset=\"https:\/\/uraskoltukyikama.com\/wp-content\/uploads\/2026\/04\/ev_temizligi.jpg 1280w, https:\/\/uraskoltukyikama.com\/wp-content\/uploads\/2026\/04\/ev_temizligi-300x200.jpg 300w, https:\/\/uraskoltukyikama.com\/wp-content\/uploads\/2026\/04\/ev_temizligi-1024x683.jpg 1024w, https:\/\/uraskoltukyikama.com\/wp-content\/uploads\/2026\/04\/ev_temizligi-768x512.jpg 768w\" sizes=\"(max-width: 1280px) 100vw, 1280px\" \/>\t\t<\/div>\r\n\t\t<style>\r\n\t\t\t#wb_before_after_26bc4b6{\r\n\t\t\t\tmax-width: auto;\r\n\t\t\t}\r\n\t\t<\/style>\r\n\t\t\t\t<\/div>\n\t\t\t\t<\/div>\n\t\t\t\t<\/div>\n\t\t<div class=\"elementor-element elementor-element-e08f0a1 e-con-full e-flex e-con e-child\" data-id=\"e08f0a1\" data-element_type=\"container\" data-e-type=\"container\">\n\t\t\t\t<div class=\"elementor-element elementor-element-c8f43cb elementor-widget elementor-widget-wb-before-after-image-slider-elementor\" data-id=\"c8f43cb\" data-element_type=\"widget\" data-e-type=\"widget\" data-widget_type=\"wb-before-after-image-slider-elementor.default\">\n\t\t\t\t<div class=\"elementor-widget-container\">\n\t\t\t\t\t\t\t<div class=\"wb_ebais_twentytwenty_container twentytwenty-container\" id=\"wb_before_after_c8f43cb\">\r\n\t\t\t<span class='before_text'>Before<\/span>\r\n\t\t\t<span class='after_text'>After<\/span>\r\n<img decoding=\"async\" src=\"https:\/\/uraskoltukyikama.com\/wp-content\/plugins\/elementor\/assets\/images\/placeholder.png\" title=\"\" alt=\"\" loading=\"lazy\" \/><img decoding=\"async\" src=\"https:\/\/uraskoltukyikama.com\/wp-content\/plugins\/elementor\/assets\/images\/placeholder.png\" title=\"\" alt=\"\" loading=\"lazy\" \/>\t\t<\/div>\r\n\t\t<style>\r\n\t\t\t#wb_before_after_c8f43cb{\r\n\t\t\t\tmax-width: auto;\r\n\t\t\t}\r\n\t\t<\/style>\r\n\t\t\t\t<\/div>\n\t\t\t\t<\/div>\n\t\t\t\t<\/div>\n\t\t\t\t\t<\/div>\n\t\t\t\t<\/div>\n\t\t<div class=\"elementor-element elementor-element-5b6bd1f e-flex e-con-boxed e-con e-parent\" data-id=\"5b6bd1f\" data-element_type=\"container\" data-e-type=\"container\">\n\t\t\t\t\t<div class=\"e-con-inner\">\n\t\t<div class=\"elementor-element elementor-element-fd1b0e5 e-con-full e-flex e-con e-child\" data-id=\"fd1b0e5\" data-element_type=\"container\" data-e-type=\"container\">\n\t\t\t\t<div class=\"elementor-element elementor-element-8c7dd63 elementor-widget elementor-widget-wb-before-after-image-slider-elementor\" data-id=\"8c7dd63\" data-element_type=\"widget\" data-e-type=\"widget\" data-widget_type=\"wb-before-after-image-slider-elementor.default\">\n\t\t\t\t<div class=\"elementor-widget-container\">\n\t\t\t\t\t\t\t<div class=\"wb_ebais_twentytwenty_container twentytwenty-container\" id=\"wb_before_after_8c7dd63\">\r\n\t\t\t<span class='before_text'>Before<\/span>\r\n\t\t\t<span class='after_text'>After<\/span>\r\n<img fetchpriority=\"high\" decoding=\"async\" width=\"1024\" height=\"674\" src=\"https:\/\/uraskoltukyikama.com\/wp-content\/uploads\/2026\/04\/sandalye-yikama.jpg\" class=\"attachment-full size-full wp-image-2532\" alt=\"\" srcset=\"https:\/\/uraskoltukyikama.com\/wp-content\/uploads\/2026\/04\/sandalye-yikama.jpg 1024w, https:\/\/uraskoltukyikama.com\/wp-content\/uploads\/2026\/04\/sandalye-yikama-300x197.jpg 300w, https:\/\/uraskoltukyikama.com\/wp-content\/uploads\/2026\/04\/sandalye-yikama-768x506.jpg 768w\" sizes=\"(max-width: 1024px) 100vw, 1024px\" \/><img decoding=\"async\" width=\"1280\" height=\"854\" src=\"https:\/\/uraskoltukyikama.com\/wp-content\/uploads\/2026\/04\/ev_temizligi.jpg\" class=\"attachment-full size-full wp-image-2528\" alt=\"\" srcset=\"https:\/\/uraskoltukyikama.com\/wp-content\/uploads\/2026\/04\/ev_temizligi.jpg 1280w, https:\/\/uraskoltukyikama.com\/wp-content\/uploads\/2026\/04\/ev_temizligi-300x200.jpg 300w, https:\/\/uraskoltukyikama.com\/wp-content\/uploads\/2026\/04\/ev_temizligi-1024x683.jpg 1024w, https:\/\/uraskoltukyikama.com\/wp-content\/uploads\/2026\/04\/ev_temizligi-768x512.jpg 768w\" sizes=\"(max-width: 1280px) 100vw, 1280px\" \/>\t\t<\/div>\r\n\t\t<style>\r\n\t\t\t#wb_before_after_8c7dd63{\r\n\t\t\t\tmax-width: auto;\r\n\t\t\t}\r\n\t\t<\/style>\r\n\t\t\t\t<\/div>\n\t\t\t\t<\/div>\n\t\t\t\t<\/div>\n\t\t<div class=\"elementor-element elementor-element-2fc4788 e-con-full e-flex e-con e-child\" data-id=\"2fc4788\" data-element_type=\"container\" data-e-type=\"container\">\n\t\t\t\t<div class=\"elementor-element elementor-element-a020004 elementor-widget elementor-widget-wb-before-after-image-slider-elementor\" data-id=\"a020004\" data-element_type=\"widget\" data-e-type=\"widget\" data-widget_type=\"wb-before-after-image-slider-elementor.default\">\n\t\t\t\t<div class=\"elementor-widget-container\">\n\t\t\t\t\t\t\t<div class=\"wb_ebais_twentytwenty_container twentytwenty-container\" id=\"wb_before_after_a020004\">\r\n\t\t\t<span class='before_text'>Before<\/span>\r\n\t\t\t<span class='after_text'>After<\/span>\r\n<img decoding=\"async\" src=\"https:\/\/uraskoltukyikama.com\/wp-content\/plugins\/elementor\/assets\/images\/placeholder.png\" title=\"\" alt=\"\" loading=\"lazy\" \/><img decoding=\"async\" src=\"https:\/\/uraskoltukyikama.com\/wp-content\/plugins\/elementor\/assets\/images\/placeholder.png\" title=\"\" alt=\"\" loading=\"lazy\" \/>\t\t<\/div>\r\n\t\t<style>\r\n\t\t\t#wb_before_after_a020004{\r\n\t\t\t\tmax-width: auto;\r\n\t\t\t}\r\n\t\t<\/style>\r\n\t\t\t\t<\/div>\n\t\t\t\t<\/div>\n\t\t\t\t<\/div>\n\t\t\t\t\t<\/div>\n\t\t\t\t<\/div>\n\t\t<div class=\"elementor-element elementor-element-b21f812 e-flex e-con-boxed e-con e-parent\" data-id=\"b21f812\" data-element_type=\"container\" data-e-type=\"container\">\n\t\t\t\t\t<div class=\"e-con-inner\">\n\t\t<div class=\"elementor-element elementor-element-aeef56a e-con-full e-flex e-con e-child\" data-id=\"aeef56a\" data-element_type=\"container\" data-e-type=\"container\">\n\t\t\t\t<div class=\"elementor-element elementor-element-c279637 elementor-widget elementor-widget-wb-before-after-image-slider-elementor\" data-id=\"c279637\" data-element_type=\"widget\" data-e-type=\"widget\" data-widget_type=\"wb-before-after-image-slider-elementor.default\">\n\t\t\t\t<div class=\"elementor-widget-container\">\n\t\t\t\t\t\t\t<div class=\"wb_ebais_twentytwenty_container twentytwenty-container\" id=\"wb_before_after_c279637\">\r\n\t\t\t<span class='before_text'>Before<\/span>\r\n\t\t\t<span class='after_text'>After<\/span>\r\n<img fetchpriority=\"high\" decoding=\"async\" width=\"1024\" height=\"674\" src=\"https:\/\/uraskoltukyikama.com\/wp-content\/uploads\/2026\/04\/sandalye-yikama.jpg\" class=\"attachment-full size-full wp-image-2532\" alt=\"\" srcset=\"https:\/\/uraskoltukyikama.com\/wp-content\/uploads\/2026\/04\/sandalye-yikama.jpg 1024w, https:\/\/uraskoltukyikama.com\/wp-content\/uploads\/2026\/04\/sandalye-yikama-300x197.jpg 300w, https:\/\/uraskoltukyikama.com\/wp-content\/uploads\/2026\/04\/sandalye-yikama-768x506.jpg 768w\" sizes=\"(max-width: 1024px) 100vw, 1024px\" \/><img decoding=\"async\" width=\"1280\" height=\"854\" src=\"https:\/\/uraskoltukyikama.com\/wp-content\/uploads\/2026\/04\/ev_temizligi.jpg\" class=\"attachment-full size-full wp-image-2528\" alt=\"\" srcset=\"https:\/\/uraskoltukyikama.com\/wp-content\/uploads\/2026\/04\/ev_temizligi.jpg 1280w, https:\/\/uraskoltukyikama.com\/wp-content\/uploads\/2026\/04\/ev_temizligi-300x200.jpg 300w, https:\/\/uraskoltukyikama.com\/wp-content\/uploads\/2026\/04\/ev_temizligi-1024x683.jpg 1024w, https:\/\/uraskoltukyikama.com\/wp-content\/uploads\/2026\/04\/ev_temizligi-768x512.jpg 768w\" sizes=\"(max-width: 1280px) 100vw, 1280px\" \/>\t\t<\/div>\r\n\t\t<style>\r\n\t\t\t#wb_before_after_c279637{\r\n\t\t\t\tmax-width: auto;\r\n\t\t\t}\r\n\t\t<\/style>\r\n\t\t\t\t<\/div>\n\t\t\t\t<\/div>\n\t\t\t\t<\/div>\n\t\t<div class=\"elementor-element elementor-element-c6357d8 e-con-full e-flex e-con e-child\" data-id=\"c6357d8\" data-element_type=\"container\" data-e-type=\"container\">\n\t\t\t\t<div class=\"elementor-element elementor-element-4150a26 elementor-widget elementor-widget-wb-before-after-image-slider-elementor\" data-id=\"4150a26\" data-element_type=\"widget\" data-e-type=\"widget\" data-widget_type=\"wb-before-after-image-slider-elementor.default\">\n\t\t\t\t<div class=\"elementor-widget-container\">\n\t\t\t\t\t\t\t<div class=\"wb_ebais_twentytwenty_container twentytwenty-container\" id=\"wb_before_after_4150a26\">\r\n\t\t\t<span class='before_text'>Before<\/span>\r\n\t\t\t<span class='after_text'>After<\/span>\r\n<img decoding=\"async\" src=\"https:\/\/uraskoltukyikama.com\/wp-content\/plugins\/elementor\/assets\/images\/placeholder.png\" title=\"\" alt=\"\" loading=\"lazy\" \/><img decoding=\"async\" src=\"https:\/\/uraskoltukyikama.com\/wp-content\/plugins\/elementor\/assets\/images\/placeholder.png\" title=\"\" alt=\"\" loading=\"lazy\" \/>\t\t<\/div>\r\n\t\t<style>\r\n\t\t\t#wb_before_after_4150a26{\r\n\t\t\t\tmax-width: auto;\r\n\t\t\t}\r\n\t\t<\/style>\r\n\t\t\t\t<\/div>\n\t\t\t\t<\/div>\n\t\t\t\t<\/div>\n\t\t\t\t\t<\/div>\n\t\t\t\t<\/div>\n\t\t\t\t<section class=\"elementor-section elementor-top-section elementor-element elementor-element-bca9926 elementor-section-boxed elementor-section-height-default elementor-section-height-default\" data-id=\"bca9926\" data-element_type=\"section\" data-e-type=\"section\">\n\t\t\t\t\t\t<div class=\"elementor-container elementor-column-gap-default\">\n\t\t\t\t\t<div class=\"elementor-column elementor-col-100 elementor-top-column elementor-element elementor-element-93974ca\" data-id=\"93974ca\" data-element_type=\"column\" data-e-type=\"column\">\n\t\t\t<div class=\"elementor-widget-wrap\">\n\t\t\t\t\t\t\t<\/div>\n\t\t<\/div>\n\t\t\t\t\t<\/div>\n\t\t<\/section>\n\t\t\t\t<section class=\"elementor-section elementor-top-section elementor-element elementor-element-29de6c8 elementor-section-boxed elementor-section-height-default elementor-section-height-default\" data-id=\"29de6c8\" data-element_type=\"section\" data-e-type=\"section\" data-settings=\"{&quot;background_background&quot;:&quot;classic&quot;}\">\n\t\t\t\t\t\t<div class=\"elementor-container elementor-column-gap-default\">\n\t\t\t\t\t<div class=\"elementor-column elementor-col-100 elementor-top-column elementor-element elementor-element-683d92e\" data-id=\"683d92e\" data-element_type=\"column\" data-e-type=\"column\">\n\t\t\t<div class=\"elementor-widget-wrap elementor-element-populated\">\n\t\t\t\t\t\t<section class=\"elementor-section elementor-inner-section elementor-element elementor-element-01749e7 elementor-section-boxed elementor-section-height-default elementor-section-height-default\" data-id=\"01749e7\" data-element_type=\"section\" data-e-type=\"section\">\n\t\t\t\t\t\t<div class=\"elementor-container elementor-column-gap-default\">\n\t\t\t\t\t<div class=\"elementor-column elementor-col-100 elementor-inner-column elementor-element elementor-element-e9210f5\" data-id=\"e9210f5\" data-element_type=\"column\" data-e-type=\"column\" data-settings=\"{&quot;background_background&quot;:&quot;classic&quot;}\">\n\t\t\t<div class=\"elementor-widget-wrap elementor-element-populated\">\n\t\t\t\t\t\t<div class=\"elementor-element elementor-element-f2b2086 elementor-widget elementor-widget-heading\" data-id=\"f2b2086\" data-element_type=\"widget\" data-e-type=\"widget\" data-widget_type=\"heading.default\">\n\t\t\t\t\t<h2 class=\"elementor-heading-title elementor-size-default\">Temizlik \u0130htiyac\u0131n\u0131z m\u0131 Mevcut ?<\/h2>\t\t\t\t<\/div>\n\t\t\t\t<div class=\"elementor-element elementor-element-09d11df elementor-widget elementor-widget-text-editor\" data-id=\"09d11df\" data-element_type=\"widget\" data-e-type=\"widget\" data-widget_type=\"text-editor.default\">\n\t\t\t\t\t\t\t\t\t<p>Koltuklar\u0131n\u0131z\u0131n profesyonel temizlikle yenilenmesini istiyorsan\u0131z, do\u011fru yerdesiniz! Hemen bizimle ileti\u015fime ge\u00e7in, temizli\u011fe ilk ad\u0131m\u0131 birlikte atal\u0131m.<\/p>\t\t\t\t\t\t\t\t<\/div>\n\t\t\t\t\t<\/div>\n\t\t<\/div>\n\t\t\t\t\t<\/div>\n\t\t<\/section>\n\t\t\t\t<div class=\"elementor-element elementor-element-d638885 elementor-align-center elementor-widget elementor-widget-button\" data-id=\"d638885\" data-element_type=\"widget\" data-e-type=\"widget\" data-widget_type=\"button.default\">\n\t\t\t\t\t\t\t\t\t\t<a class=\"elementor-button elementor-button-link elementor-size-sm\" href=\"https:\/\/uraskoltukyikama.com\/?page_id=41\">\n\t\t\t\t\t\t<span class=\"elementor-button-content-wrapper\">\n\t\t\t\t\t\t\t\t\t<span class=\"elementor-button-text\">\u0130leti\u015fime Ge\u00e7in<\/span>\n\t\t\t\t\t<\/span>\n\t\t\t\t\t<\/a>\n\t\t\t\t\t\t\t\t<\/div>\n\t\t\t\t\t<\/div>\n\t\t<\/div>\n\t\t\t\t\t<\/div>\n\t\t<\/section>\n\t\t\t\t<section class=\"elementor-section elementor-top-section elementor-element elementor-element-175e99c elementor-section-boxed elementor-section-height-default elementor-section-height-default\" data-id=\"175e99c\" data-element_type=\"section\" data-e-type=\"section\">\n\t\t\t\t\t\t<div class=\"elementor-container elementor-column-gap-default\">\n\t\t\t\t\t<div class=\"elementor-column elementor-col-100 elementor-top-column elementor-element elementor-element-672182f\" data-id=\"672182f\" data-element_type=\"column\" data-e-type=\"column\">\n\t\t\t<div class=\"elementor-widget-wrap elementor-element-populated\">\n\t\t\t\t\t\t<div class=\"elementor-element elementor-element-174f214 elementor-widget elementor-widget-spacer\" data-id=\"174f214\" data-element_type=\"widget\" data-e-type=\"widget\" data-widget_type=\"spacer.default\">\n\t\t\t\t\t\t\t<div class=\"elementor-spacer\">\n\t\t\t<div class=\"elementor-spacer-inner\"><\/div>\n\t\t<\/div>\n\t\t\t\t\t\t<\/div>\n\t\t\t\t\t<\/div>\n\t\t<\/div>\n\t\t\t\t\t<\/div>\n\t\t<\/section>\n\t\t\t\t<\/div>\n\t\t","protected":false},"excerpt":{"rendered":"<p>Before After Before After Before After Before After Before After Before After Temizlik \u0130htiyac\u0131n\u0131z m\u0131 Mevcut ? Koltuklar\u0131n\u0131z\u0131n profesyonel temizlikle yenilenmesini istiyorsan\u0131z, do\u011fru yerdesiniz! Hemen bizimle ileti\u015fime ge\u00e7in, temizli\u011fe ilk ad\u0131m\u0131 birlikte atal\u0131m. \u0130leti\u015fime Ge\u00e7in<\/p>\n","protected":false},"author":1,"featured_media":0,"parent":0,"menu_order":0,"comment_status":"closed","ping_status":"closed","template":"page-templates\/pagebuilder.php","meta":{"zakra_page_container_layout":"stretched","zakra_page_sidebar_layout":"no_sidebar","zakra_remove_content_margin":false,"zakra_sidebar":"customizer","zakra_transparent_header":"0","zakra_logo":0,"zakra_main_header_style":"default","zakra_menu_item_color":"","zakra_menu_item_hover_color":"","zakra_menu_item_active_color":"","zakra_menu_active_style":"","zakra_page_header":true,"footnotes":""},"class_list":["post-2567","page","type-page","status-publish","hentry"],"yoast_head":"<!-- This site is optimized with the Yoast SEO plugin v27.4 - https:\/\/yoast.com\/product\/yoast-seo-wordpress\/ -->\n<title>Hizmet Galerisi - Uras Koltuk Y\u0131kama<\/title>\n<meta name=\"robots\" content=\"index, follow, max-snippet:-1, max-image-preview:large, max-video-preview:-1\" \/>\n<link rel=\"canonical\" href=\"https:\/\/uraskoltukyikama.com\/?page_id=2567\" \/>\n<meta property=\"og:locale\" content=\"tr_TR\" \/>\n<meta property=\"og:type\" content=\"article\" \/>\n<meta property=\"og:title\" content=\"Hizmet Galerisi - Uras Koltuk Y\u0131kama\" \/>\n<meta property=\"og:description\" content=\"Before After Before After Before After Before After Before After Before After Temizlik \u0130htiyac\u0131n\u0131z m\u0131 Mevcut ? Koltuklar\u0131n\u0131z\u0131n profesyonel temizlikle yenilenmesini istiyorsan\u0131z, do\u011fru yerdesiniz! Hemen bizimle ileti\u015fime ge\u00e7in, temizli\u011fe ilk ad\u0131m\u0131 birlikte atal\u0131m. \u0130leti\u015fime Ge\u00e7in\" \/>\n<meta property=\"og:url\" content=\"https:\/\/uraskoltukyikama.com\/?page_id=2567\" \/>\n<meta property=\"og:site_name\" content=\"Uras Koltuk Y\u0131kama\" \/>\n<meta property=\"article:modified_time\" content=\"2026-04-19T20:19:25+00:00\" \/>\n<meta property=\"og:image\" content=\"https:\/\/uraskoltukyikama.com\/wp-content\/uploads\/2026\/04\/sandalye-yikama.jpg\" \/>\n\t<meta property=\"og:image:width\" content=\"1024\" \/>\n\t<meta property=\"og:image:height\" content=\"674\" \/>\n\t<meta property=\"og:image:type\" content=\"image\/jpeg\" \/>\n<meta name=\"twitter:card\" content=\"summary_large_image\" \/>\n<meta name=\"twitter:label1\" content=\"Tahmini okuma s\u00fcresi\" \/>\n\t<meta name=\"twitter:data1\" content=\"3 dakika\" \/>\n<script type=\"application\/ld+json\" class=\"yoast-schema-graph\">{\"@context\":\"https:\\\/\\\/schema.org\",\"@graph\":[{\"@type\":\"WebPage\",\"@id\":\"https:\\\/\\\/uraskoltukyikama.com\\\/?page_id=2567\",\"url\":\"https:\\\/\\\/uraskoltukyikama.com\\\/?page_id=2567\",\"name\":\"Hizmet Galerisi - Uras Koltuk Y\u0131kama\",\"isPartOf\":{\"@id\":\"https:\\\/\\\/uraskoltukyikama.com\\\/#website\"},\"primaryImageOfPage\":{\"@id\":\"https:\\\/\\\/uraskoltukyikama.com\\\/?page_id=2567#primaryimage\"},\"image\":{\"@id\":\"https:\\\/\\\/uraskoltukyikama.com\\\/?page_id=2567#primaryimage\"},\"thumbnailUrl\":\"https:\\\/\\\/uraskoltukyikama.com\\\/wp-content\\\/uploads\\\/2026\\\/04\\\/sandalye-yikama.jpg\",\"datePublished\":\"2026-04-19T20:09:55+00:00\",\"dateModified\":\"2026-04-19T20:19:25+00:00\",\"breadcrumb\":{\"@id\":\"https:\\\/\\\/uraskoltukyikama.com\\\/?page_id=2567#breadcrumb\"},\"inLanguage\":\"tr\",\"potentialAction\":[{\"@type\":\"ReadAction\",\"target\":[\"https:\\\/\\\/uraskoltukyikama.com\\\/?page_id=2567\"]}]},{\"@type\":\"ImageObject\",\"inLanguage\":\"tr\",\"@id\":\"https:\\\/\\\/uraskoltukyikama.com\\\/?page_id=2567#primaryimage\",\"url\":\"https:\\\/\\\/uraskoltukyikama.com\\\/wp-content\\\/uploads\\\/2026\\\/04\\\/sandalye-yikama.jpg\",\"contentUrl\":\"https:\\\/\\\/uraskoltukyikama.com\\\/wp-content\\\/uploads\\\/2026\\\/04\\\/sandalye-yikama.jpg\",\"width\":1024,\"height\":674},{\"@type\":\"BreadcrumbList\",\"@id\":\"https:\\\/\\\/uraskoltukyikama.com\\\/?page_id=2567#breadcrumb\",\"itemListElement\":[{\"@type\":\"ListItem\",\"position\":1,\"name\":\"Anasayfa\",\"item\":\"https:\\\/\\\/uraskoltukyikama.com\\\/\"},{\"@type\":\"ListItem\",\"position\":2,\"name\":\"Hizmet Galerisi\"}]},{\"@type\":\"WebSite\",\"@id\":\"https:\\\/\\\/uraskoltukyikama.com\\\/#website\",\"url\":\"https:\\\/\\\/uraskoltukyikama.com\\\/\",\"name\":\"Uras Koltuk Y\u0131kama\",\"description\":\"\",\"publisher\":{\"@id\":\"https:\\\/\\\/uraskoltukyikama.com\\\/#organization\"},\"potentialAction\":[{\"@type\":\"SearchAction\",\"target\":{\"@type\":\"EntryPoint\",\"urlTemplate\":\"https:\\\/\\\/uraskoltukyikama.com\\\/?s={search_term_string}\"},\"query-input\":{\"@type\":\"PropertyValueSpecification\",\"valueRequired\":true,\"valueName\":\"search_term_string\"}}],\"inLanguage\":\"tr\"},{\"@type\":\"Organization\",\"@id\":\"https:\\\/\\\/uraskoltukyikama.com\\\/#organization\",\"name\":\"Uras Koltuk Y\u0131kama\",\"url\":\"https:\\\/\\\/uraskoltukyikama.com\\\/\",\"logo\":{\"@type\":\"ImageObject\",\"inLanguage\":\"tr\",\"@id\":\"https:\\\/\\\/uraskoltukyikama.com\\\/#\\\/schema\\\/logo\\\/image\\\/\",\"url\":\"https:\\\/\\\/uraskoltukyikama.com\\\/wp-content\\\/uploads\\\/2026\\\/03\\\/URASLOGOVECTOR2-scaled.png\",\"contentUrl\":\"https:\\\/\\\/uraskoltukyikama.com\\\/wp-content\\\/uploads\\\/2026\\\/03\\\/URASLOGOVECTOR2-scaled.png\",\"width\":2560,\"height\":799,\"caption\":\"Uras Koltuk Y\u0131kama\"},\"image\":{\"@id\":\"https:\\\/\\\/uraskoltukyikama.com\\\/#\\\/schema\\\/logo\\\/image\\\/\"}}]}<\/script>\n<!-- \/ Yoast SEO plugin. -->","yoast_head_json":{"title":"Hizmet Galerisi - Uras Koltuk Y\u0131kama","robots":{"index":"index","follow":"follow","max-snippet":"max-snippet:-1","max-image-preview":"max-image-preview:large","max-video-preview":"max-video-preview:-1"},"canonical":"https:\/\/uraskoltukyikama.com\/?page_id=2567","og_locale":"tr_TR","og_type":"article","og_title":"Hizmet Galerisi - Uras Koltuk Y\u0131kama","og_description":"Before After Before After Before After Before After Before After Before After Temizlik \u0130htiyac\u0131n\u0131z m\u0131 Mevcut ? Koltuklar\u0131n\u0131z\u0131n profesyonel temizlikle yenilenmesini istiyorsan\u0131z, do\u011fru yerdesiniz! Hemen bizimle ileti\u015fime ge\u00e7in, temizli\u011fe ilk ad\u0131m\u0131 birlikte atal\u0131m. \u0130leti\u015fime Ge\u00e7in","og_url":"https:\/\/uraskoltukyikama.com\/?page_id=2567","og_site_name":"Uras Koltuk Y\u0131kama","article_modified_time":"2026-04-19T20:19:25+00:00","og_image":[{"width":1024,"height":674,"url":"https:\/\/uraskoltukyikama.com\/wp-content\/uploads\/2026\/04\/sandalye-yikama.jpg","type":"image\/jpeg"}],"twitter_card":"summary_large_image","twitter_misc":{"Tahmini okuma s\u00fcresi":"3 dakika"},"schema":{"@context":"https:\/\/schema.org","@graph":[{"@type":"WebPage","@id":"https:\/\/uraskoltukyikama.com\/?page_id=2567","url":"https:\/\/uraskoltukyikama.com\/?page_id=2567","name":"Hizmet Galerisi - Uras Koltuk Y\u0131kama","isPartOf":{"@id":"https:\/\/uraskoltukyikama.com\/#website"},"primaryImageOfPage":{"@id":"https:\/\/uraskoltukyikama.com\/?page_id=2567#primaryimage"},"image":{"@id":"https:\/\/uraskoltukyikama.com\/?page_id=2567#primaryimage"},"thumbnailUrl":"https:\/\/uraskoltukyikama.com\/wp-content\/uploads\/2026\/04\/sandalye-yikama.jpg","datePublished":"2026-04-19T20:09:55+00:00","dateModified":"2026-04-19T20:19:25+00:00","breadcrumb":{"@id":"https:\/\/uraskoltukyikama.com\/?page_id=2567#breadcrumb"},"inLanguage":"tr","potentialAction":[{"@type":"ReadAction","target":["https:\/\/uraskoltukyikama.com\/?page_id=2567"]}]},{"@type":"ImageObject","inLanguage":"tr","@id":"https:\/\/uraskoltukyikama.com\/?page_id=2567#primaryimage","url":"https:\/\/uraskoltukyikama.com\/wp-content\/uploads\/2026\/04\/sandalye-yikama.jpg","contentUrl":"https:\/\/uraskoltukyikama.com\/wp-content\/uploads\/2026\/04\/sandalye-yikama.jpg","width":1024,"height":674},{"@type":"BreadcrumbList","@id":"https:\/\/uraskoltukyikama.com\/?page_id=2567#breadcrumb","itemListElement":[{"@type":"ListItem","position":1,"name":"Anasayfa","item":"https:\/\/uraskoltukyikama.com\/"},{"@type":"ListItem","position":2,"name":"Hizmet Galerisi"}]},{"@type":"WebSite","@id":"https:\/\/uraskoltukyikama.com\/#website","url":"https:\/\/uraskoltukyikama.com\/","name":"Uras Koltuk Y\u0131kama","description":"","publisher":{"@id":"https:\/\/uraskoltukyikama.com\/#organization"},"potentialAction":[{"@type":"SearchAction","target":{"@type":"EntryPoint","urlTemplate":"https:\/\/uraskoltukyikama.com\/?s={search_term_string}"},"query-input":{"@type":"PropertyValueSpecification","valueRequired":true,"valueName":"search_term_string"}}],"inLanguage":"tr"},{"@type":"Organization","@id":"https:\/\/uraskoltukyikama.com\/#organization","name":"Uras Koltuk Y\u0131kama","url":"https:\/\/uraskoltukyikama.com\/","logo":{"@type":"ImageObject","inLanguage":"tr","@id":"https:\/\/uraskoltukyikama.com\/#\/schema\/logo\/image\/","url":"https:\/\/uraskoltukyikama.com\/wp-content\/uploads\/2026\/03\/URASLOGOVECTOR2-scaled.png","contentUrl":"https:\/\/uraskoltukyikama.com\/wp-content\/uploads\/2026\/03\/URASLOGOVECTOR2-scaled.png","width":2560,"height":799,"caption":"Uras Koltuk Y\u0131kama"},"image":{"@id":"https:\/\/uraskoltukyikama.com\/#\/schema\/logo\/image\/"}}]}},"_hostinger_reach_plugin_has_subscription_block":false,"_hostinger_reach_plugin_is_elementor":false,"_links":{"self":[{"href":"https:\/\/uraskoltukyikama.com\/index.php?rest_route=\/wp\/v2\/pages\/2567","targetHints":{"allow":["GET"]}}],"collection":[{"href":"https:\/\/uraskoltukyikama.com\/index.php?rest_route=\/wp\/v2\/pages"}],"about":[{"href":"https:\/\/uraskoltukyikama.com\/index.php?rest_route=\/wp\/v2\/types\/page"}],"author":[{"embeddable":true,"href":"https:\/\/uraskoltukyikama.com\/index.php?rest_route=\/wp\/v2\/users\/1"}],"replies":[{"embeddable":true,"href":"https:\/\/uraskoltukyikama.com\/index.php?rest_route=%2Fwp%2Fv2%2Fcomments&post=2567"}],"version-history":[{"count":19,"href":"https:\/\/uraskoltukyikama.com\/index.php?rest_route=\/wp\/v2\/pages\/2567\/revisions"}],"predecessor-version":[{"id":2587,"href":"https:\/\/uraskoltukyikama.com\/index.php?rest_route=\/wp\/v2\/pages\/2567\/revisions\/2587"}],"wp:attachment":[{"href":"https:\/\/uraskoltukyikama.com\/index.php?rest_route=%2Fwp%2Fv2%2Fmedia&parent=2567"}],"curies":[{"name":"wp","href":"https:\/\/api.w.org\/{rel}","templated":true}]}}