{"id":2503,"date":"2026-04-19T11:30:47","date_gmt":"2026-04-19T08:30:47","guid":{"rendered":"https:\/\/uraskoltukyikama.com\/?page_id=2503"},"modified":"2026-04-19T11:31:22","modified_gmt":"2026-04-19T08:31:22","slug":"sandalye-yikama","status":"publish","type":"page","link":"https:\/\/uraskoltukyikama.com\/?page_id=2503","title":{"rendered":"Sandalye Y\u0131kama"},"content":{"rendered":"\t\t<div data-elementor-type=\"wp-post\" data-elementor-id=\"2503\" class=\"elementor elementor-2503\">\n\t\t\t\t\t\t<section class=\"elementor-section elementor-top-section elementor-element elementor-element-5f08b34 elementor-section-boxed elementor-section-height-default elementor-section-height-default\" data-id=\"5f08b34\" data-element_type=\"section\" data-e-type=\"section\">\n\t\t\t\t\t\t<div class=\"elementor-container elementor-column-gap-default\">\n\t\t\t\t\t<div class=\"elementor-column elementor-col-100 elementor-top-column elementor-element elementor-element-e588503\" data-id=\"e588503\" data-element_type=\"column\" data-e-type=\"column\">\n\t\t\t<div class=\"elementor-widget-wrap elementor-element-populated\">\n\t\t\t\t\t\t<div class=\"elementor-element elementor-element-b6e490a elementor-widget elementor-widget-image\" data-id=\"b6e490a\" data-element_type=\"widget\" data-e-type=\"widget\" data-widget_type=\"image.default\">\n\t\t\t\t\t\t\t\t\t\t\t\t\t\t\t<img fetchpriority=\"high\" decoding=\"async\" width=\"768\" height=\"506\" src=\"https:\/\/uraskoltukyikama.com\/wp-content\/uploads\/2026\/04\/sandalye-yikama-768x506.jpg\" class=\"attachment-medium_large size-medium_large wp-image-2532\" alt=\"\" srcset=\"https:\/\/uraskoltukyikama.com\/wp-content\/uploads\/2026\/04\/sandalye-yikama-768x506.jpg 768w, https:\/\/uraskoltukyikama.com\/wp-content\/uploads\/2026\/04\/sandalye-yikama-300x197.jpg 300w, https:\/\/uraskoltukyikama.com\/wp-content\/uploads\/2026\/04\/sandalye-yikama.jpg 1024w\" sizes=\"(max-width: 768px) 100vw, 768px\" \/>\t\t\t\t\t\t\t\t\t\t\t\t\t\t\t<\/div>\n\t\t\t\t<div class=\"elementor-element elementor-element-509c6d9 elementor-widget elementor-widget-text-editor\" data-id=\"509c6d9\" data-element_type=\"widget\" data-e-type=\"widget\" data-widget_type=\"text-editor.default\">\n\t\t\t\t\t\t\t\t\t<p data-start=\"300\" data-end=\"527\">Evlerde, ofislerde, kafe ve restoranlarda kullan\u0131lan kuma\u015f sandalyeler zamanla kirlenebilir. G\u00fcnl\u00fck kullan\u0131m, d\u00f6k\u00fclen i\u00e7ecekler, yemek lekeleri ve toz gibi etkenler sandalyelerin hem g\u00f6r\u00fcn\u00fcm\u00fcn\u00fc hem de hijyenini olumsuz etkiler.<\/p><p data-start=\"529\" data-end=\"833\">Profesyonel sandalye y\u0131kama hizmetimiz sayesinde sandalyeleriniz derinlemesine temizlenir, lekeler giderilir ve hijyenik bir kullan\u0131m sa\u011flan\u0131r. \u00d6zel temizlik \u00fcr\u00fcnleri ve profesyonel makineler kullan\u0131larak yap\u0131lan temizlik i\u015flemi sayesinde sandalyeleriniz ilk g\u00fcnk\u00fc temizli\u011fine yak\u0131n bir g\u00f6r\u00fcn\u00fcme kavu\u015fur.<\/p><p data-start=\"835\" data-end=\"930\">Yerinde sandalye y\u0131kama hizmetimiz ile sandalyelerinizi ta\u015f\u0131madan bulundu\u011fu yerde temizliyoruz.<\/p>\t\t\t\t\t\t\t\t<\/div>\n\t\t\t\t<div class=\"elementor-element elementor-element-9619ccf elementor-widget elementor-widget-heading\" data-id=\"9619ccf\" data-element_type=\"widget\" data-e-type=\"widget\" data-widget_type=\"heading.default\">\n\t\t\t\t\t<h2 class=\"elementor-heading-title elementor-size-default\">Kafe ve Restoran Sandalye Y\u0131kama<\/h2>\t\t\t\t<\/div>\n\t\t\t\t<div class=\"elementor-element elementor-element-934062d elementor-widget elementor-widget-text-editor\" data-id=\"934062d\" data-element_type=\"widget\" data-e-type=\"widget\" data-widget_type=\"text-editor.default\">\n\t\t\t\t\t\t\t\t\t<p data-start=\"1540\" data-end=\"1738\">Kafe, restoran ve i\u015fletmelerde kullan\u0131lan sandalyeler g\u00fcn boyunca bir\u00e7ok ki\u015fi taraf\u0131ndan kullan\u0131l\u0131r. Bu nedenle sandalyelerin temiz ve hijyenik olmas\u0131 m\u00fc\u015fteri memnuniyeti a\u00e7\u0131s\u0131ndan b\u00fcy\u00fck \u00f6nem ta\u015f\u0131r.<\/p><p data-start=\"1740\" data-end=\"1804\">Kafe ve restoran sandalyelerinde en s\u0131k kar\u015f\u0131la\u015f\u0131lan problemler:<\/p><ul data-start=\"1806\" data-end=\"1907\"><li data-section-id=\"rmic3w\" data-start=\"1806\" data-end=\"1824\">kahve lekeleri<\/li><li data-section-id=\"1v9eif6\" data-start=\"1825\" data-end=\"1841\">\u00e7ay lekeleri<\/li><li data-section-id=\"z2vtx2\" data-start=\"1842\" data-end=\"1867\">yemek ve ya\u011f lekeleri<\/li><li data-section-id=\"od10l9\" data-start=\"1868\" data-end=\"1890\">i\u00e7ecek d\u00f6k\u00fclmeleri<\/li><li data-section-id=\"6ymchk\" data-start=\"1891\" data-end=\"1907\">k\u00f6t\u00fc kokular<\/li><\/ul><p data-start=\"1909\" data-end=\"2029\">Profesyonel sandalye y\u0131kama hizmetimiz ile i\u015fletmenizdeki sandalyeler k\u0131sa s\u00fcrede temizlenir ve hijyenik hale getirilir.<\/p><p data-start=\"2031\" data-end=\"2102\">Toplu sandalye y\u0131kama hizmetimiz \u00f6zellikle \u015fu i\u015fletmeler i\u00e7in idealdir:<\/p><ul data-start=\"2104\" data-end=\"2214\"><li data-section-id=\"1k2mrga\" data-start=\"2104\" data-end=\"2115\">kafeler<\/li><li data-section-id=\"avh6ol\" data-start=\"2116\" data-end=\"2131\">restoranlar<\/li><li data-section-id=\"1r305f3\" data-start=\"2132\" data-end=\"2146\">pastaneler<\/li><li data-section-id=\"1dcyjeo\" data-start=\"2147\" data-end=\"2158\">ofisler<\/li><li data-section-id=\"xl5bmc\" data-start=\"2159\" data-end=\"2181\">toplant\u0131 salonlar\u0131<\/li><li data-section-id=\"1vwall5\" data-start=\"2182\" data-end=\"2202\">bekleme alanlar\u0131<\/li><li data-section-id=\"xnbdep\" data-start=\"2203\" data-end=\"2214\">oteller<\/li><\/ul><p data-start=\"2216\" data-end=\"2300\">\u0130\u015fletmenizin \u00e7al\u0131\u015fma d\u00fczenini aksatmadan h\u0131zl\u0131 ve pratik temizlik hizmeti sunuyoruz.<\/p>\t\t\t\t\t\t\t\t<\/div>\n\t\t\t\t<section class=\"elementor-section elementor-inner-section elementor-element elementor-element-4584267 elementor-section-boxed elementor-section-height-default elementor-section-height-default\" data-id=\"4584267\" data-element_type=\"section\" data-e-type=\"section\">\n\t\t\t\t\t\t<div class=\"elementor-container elementor-column-gap-default\">\n\t\t\t\t\t<div class=\"elementor-column elementor-col-50 elementor-inner-column elementor-element elementor-element-109e1f1\" data-id=\"109e1f1\" data-element_type=\"column\" data-e-type=\"column\">\n\t\t\t<div class=\"elementor-widget-wrap elementor-element-populated\">\n\t\t\t\t\t\t<div class=\"elementor-element elementor-element-4d73fef elementor-icon-list--layout-traditional elementor-list-item-link-full_width elementor-widget elementor-widget-icon-list\" data-id=\"4d73fef\" data-element_type=\"widget\" data-e-type=\"widget\" data-widget_type=\"icon-list.default\">\n\t\t\t\t\t\t\t<ul class=\"elementor-icon-list-items\">\n\t\t\t\t\t\t\t<li class=\"elementor-icon-list-item\">\n\t\t\t\t\t\t\t\t\t\t\t<span class=\"elementor-icon-list-icon\">\n\t\t\t\t\t\t\t<svg aria-hidden=\"true\" class=\"e-font-icon-svg e-far-dot-circle\" viewBox=\"0 0 512 512\" xmlns=\"http:\/\/www.w3.org\/2000\/svg\"><path d=\"M256 56c110.532 0 200 89.451 200 200 0 110.532-89.451 200-200 200-110.532 0-200-89.451-200-200 0-110.532 89.451-200 200-200m0-48C119.033 8 8 119.033 8 256s111.033 248 248 248 248-111.033 248-248S392.967 8 256 8zm0 168c-44.183 0-80 35.817-80 80s35.817 80 80 80 80-35.817 80-80-35.817-80-80-80z\"><\/path><\/svg>\t\t\t\t\t\t<\/span>\n\t\t\t\t\t\t\t\t\t\t<span class=\"elementor-icon-list-text\">Hijyenik ve sa\u011fl\u0131kl\u0131 temizlik sunmak<\/span>\n\t\t\t\t\t\t\t\t\t<\/li>\n\t\t\t\t\t\t\t\t<li class=\"elementor-icon-list-item\">\n\t\t\t\t\t\t\t\t\t\t\t<span class=\"elementor-icon-list-icon\">\n\t\t\t\t\t\t\t<svg aria-hidden=\"true\" class=\"e-font-icon-svg e-far-dot-circle\" viewBox=\"0 0 512 512\" xmlns=\"http:\/\/www.w3.org\/2000\/svg\"><path d=\"M256 56c110.532 0 200 89.451 200 200 0 110.532-89.451 200-200 200-110.532 0-200-89.451-200-200 0-110.532 89.451-200 200-200m0-48C119.033 8 8 119.033 8 256s111.033 248 248 248 248-111.033 248-248S392.967 8 256 8zm0 168c-44.183 0-80 35.817-80 80s35.817 80 80 80 80-35.817 80-80-35.817-80-80-80z\"><\/path><\/svg>\t\t\t\t\t\t<\/span>\n\t\t\t\t\t\t\t\t\t\t<span class=\"elementor-icon-list-text\">Son teknoloji ile etkili sonu\u00e7lar sa\u011flamak<\/span>\n\t\t\t\t\t\t\t\t\t<\/li>\n\t\t\t\t\t\t\t\t<li class=\"elementor-icon-list-item\">\n\t\t\t\t\t\t\t\t\t\t\t<span class=\"elementor-icon-list-icon\">\n\t\t\t\t\t\t\t<svg aria-hidden=\"true\" class=\"e-font-icon-svg e-far-dot-circle\" viewBox=\"0 0 512 512\" xmlns=\"http:\/\/www.w3.org\/2000\/svg\"><path d=\"M256 56c110.532 0 200 89.451 200 200 0 110.532-89.451 200-200 200-110.532 0-200-89.451-200-200 0-110.532 89.451-200 200-200m0-48C119.033 8 8 119.033 8 256s111.033 248 248 248 248-111.033 248-248S392.967 8 256 8zm0 168c-44.183 0-80 35.817-80 80s35.817 80 80 80 80-35.817 80-80-35.817-80-80-80z\"><\/path><\/svg>\t\t\t\t\t\t<\/span>\n\t\t\t\t\t\t\t\t\t\t<span class=\"elementor-icon-list-text\">\u00c7evre dostu \u00fcr\u00fcnler kullanmak<\/span>\n\t\t\t\t\t\t\t\t\t<\/li>\n\t\t\t\t\t\t<\/ul>\n\t\t\t\t\t\t<\/div>\n\t\t\t\t\t<\/div>\n\t\t<\/div>\n\t\t\t\t<div class=\"elementor-column elementor-col-50 elementor-inner-column elementor-element elementor-element-3c7781f\" data-id=\"3c7781f\" data-element_type=\"column\" data-e-type=\"column\">\n\t\t\t<div class=\"elementor-widget-wrap elementor-element-populated\">\n\t\t\t\t\t\t<div class=\"elementor-element elementor-element-d033423 elementor-icon-list--layout-traditional elementor-list-item-link-full_width elementor-widget elementor-widget-icon-list\" data-id=\"d033423\" data-element_type=\"widget\" data-e-type=\"widget\" data-widget_type=\"icon-list.default\">\n\t\t\t\t\t\t\t<ul class=\"elementor-icon-list-items\">\n\t\t\t\t\t\t\t<li class=\"elementor-icon-list-item\">\n\t\t\t\t\t\t\t\t\t\t\t<span class=\"elementor-icon-list-icon\">\n\t\t\t\t\t\t\t<svg aria-hidden=\"true\" class=\"e-font-icon-svg e-far-dot-circle\" viewBox=\"0 0 512 512\" xmlns=\"http:\/\/www.w3.org\/2000\/svg\"><path d=\"M256 56c110.532 0 200 89.451 200 200 0 110.532-89.451 200-200 200-110.532 0-200-89.451-200-200 0-110.532 89.451-200 200-200m0-48C119.033 8 8 119.033 8 256s111.033 248 248 248 248-111.033 248-248S392.967 8 256 8zm0 168c-44.183 0-80 35.817-80 80s35.817 80 80 80 80-35.817 80-80-35.817-80-80-80z\"><\/path><\/svg>\t\t\t\t\t\t<\/span>\n\t\t\t\t\t\t\t\t\t\t<span class=\"elementor-icon-list-text\">H\u0131zl\u0131 ve g\u00fcvenilir hizmet vermek<\/span>\n\t\t\t\t\t\t\t\t\t<\/li>\n\t\t\t\t\t\t\t\t<li class=\"elementor-icon-list-item\">\n\t\t\t\t\t\t\t\t\t\t\t<span class=\"elementor-icon-list-icon\">\n\t\t\t\t\t\t\t<svg aria-hidden=\"true\" class=\"e-font-icon-svg e-far-dot-circle\" viewBox=\"0 0 512 512\" xmlns=\"http:\/\/www.w3.org\/2000\/svg\"><path d=\"M256 56c110.532 0 200 89.451 200 200 0 110.532-89.451 200-200 200-110.532 0-200-89.451-200-200 0-110.532 89.451-200 200-200m0-48C119.033 8 8 119.033 8 256s111.033 248 248 248 248-111.033 248-248S392.967 8 256 8zm0 168c-44.183 0-80 35.817-80 80s35.817 80 80 80 80-35.817 80-80-35.817-80-80-80z\"><\/path><\/svg>\t\t\t\t\t\t<\/span>\n\t\t\t\t\t\t\t\t\t\t<span class=\"elementor-icon-list-text\">M\u00fc\u015fteri memnuniyetini \u00f6n planda tutmak<\/span>\n\t\t\t\t\t\t\t\t\t<\/li>\n\t\t\t\t\t\t\t\t<li class=\"elementor-icon-list-item\">\n\t\t\t\t\t\t\t\t\t\t\t<span class=\"elementor-icon-list-icon\">\n\t\t\t\t\t\t\t<svg aria-hidden=\"true\" class=\"e-font-icon-svg e-far-dot-circle\" viewBox=\"0 0 512 512\" xmlns=\"http:\/\/www.w3.org\/2000\/svg\"><path d=\"M256 56c110.532 0 200 89.451 200 200 0 110.532-89.451 200-200 200-110.532 0-200-89.451-200-200 0-110.532 89.451-200 200-200m0-48C119.033 8 8 119.033 8 256s111.033 248 248 248 248-111.033 248-248S392.967 8 256 8zm0 168c-44.183 0-80 35.817-80 80s35.817 80 80 80 80-35.817 80-80-35.817-80-80-80z\"><\/path><\/svg>\t\t\t\t\t\t<\/span>\n\t\t\t\t\t\t\t\t\t\t<span class=\"elementor-icon-list-text\">Uygun fiyat, kaliteli hizmet sunmak<\/span>\n\t\t\t\t\t\t\t\t\t<\/li>\n\t\t\t\t\t\t<\/ul>\n\t\t\t\t\t\t<\/div>\n\t\t\t\t\t<\/div>\n\t\t<\/div>\n\t\t\t\t\t<\/div>\n\t\t<\/section>\n\t\t\t\t\t<\/div>\n\t\t<\/div>\n\t\t\t\t\t<\/div>\n\t\t<\/section>\n\t\t\t\t<section class=\"elementor-section elementor-top-section elementor-element elementor-element-29de6c8 elementor-section-boxed elementor-section-height-default elementor-section-height-default\" data-id=\"29de6c8\" data-element_type=\"section\" data-e-type=\"section\" data-settings=\"{&quot;background_background&quot;:&quot;classic&quot;}\">\n\t\t\t\t\t\t<div class=\"elementor-container elementor-column-gap-default\">\n\t\t\t\t\t<div class=\"elementor-column elementor-col-100 elementor-top-column elementor-element elementor-element-683d92e\" data-id=\"683d92e\" data-element_type=\"column\" data-e-type=\"column\">\n\t\t\t<div class=\"elementor-widget-wrap elementor-element-populated\">\n\t\t\t\t\t\t<section class=\"elementor-section elementor-inner-section elementor-element elementor-element-01749e7 elementor-section-boxed elementor-section-height-default elementor-section-height-default\" data-id=\"01749e7\" data-element_type=\"section\" data-e-type=\"section\">\n\t\t\t\t\t\t<div class=\"elementor-container elementor-column-gap-default\">\n\t\t\t\t\t<div class=\"elementor-column elementor-col-100 elementor-inner-column elementor-element elementor-element-e9210f5\" data-id=\"e9210f5\" data-element_type=\"column\" data-e-type=\"column\" data-settings=\"{&quot;background_background&quot;:&quot;classic&quot;}\">\n\t\t\t<div class=\"elementor-widget-wrap elementor-element-populated\">\n\t\t\t\t\t\t<div class=\"elementor-element elementor-element-f2b2086 elementor-widget elementor-widget-heading\" data-id=\"f2b2086\" data-element_type=\"widget\" data-e-type=\"widget\" data-widget_type=\"heading.default\">\n\t\t\t\t\t<h2 class=\"elementor-heading-title elementor-size-default\">Temizlik \u0130htiyac\u0131n\u0131z m\u0131 Mevcut ?<\/h2>\t\t\t\t<\/div>\n\t\t\t\t<div class=\"elementor-element elementor-element-09d11df elementor-widget elementor-widget-text-editor\" data-id=\"09d11df\" data-element_type=\"widget\" data-e-type=\"widget\" data-widget_type=\"text-editor.default\">\n\t\t\t\t\t\t\t\t\t<p>Koltuklar\u0131n\u0131z\u0131n profesyonel temizlikle yenilenmesini istiyorsan\u0131z, do\u011fru yerdesiniz! Hemen bizimle ileti\u015fime ge\u00e7in, temizli\u011fe ilk ad\u0131m\u0131 birlikte atal\u0131m.<\/p>\t\t\t\t\t\t\t\t<\/div>\n\t\t\t\t\t<\/div>\n\t\t<\/div>\n\t\t\t\t\t<\/div>\n\t\t<\/section>\n\t\t\t\t<div class=\"elementor-element elementor-element-d638885 elementor-align-center elementor-widget elementor-widget-button\" data-id=\"d638885\" data-element_type=\"widget\" data-e-type=\"widget\" data-widget_type=\"button.default\">\n\t\t\t\t\t\t\t\t\t\t<a class=\"elementor-button elementor-button-link elementor-size-sm\" href=\"https:\/\/uraskoltukyikama.com\/?page_id=41\">\n\t\t\t\t\t\t<span class=\"elementor-button-content-wrapper\">\n\t\t\t\t\t\t\t\t\t<span class=\"elementor-button-text\">\u0130leti\u015fime Ge\u00e7in<\/span>\n\t\t\t\t\t<\/span>\n\t\t\t\t\t<\/a>\n\t\t\t\t\t\t\t\t<\/div>\n\t\t\t\t\t<\/div>\n\t\t<\/div>\n\t\t\t\t\t<\/div>\n\t\t<\/section>\n\t\t\t\t<\/div>\n\t\t","protected":false},"excerpt":{"rendered":"<p>Evlerde, ofislerde, kafe ve restoranlarda kullan\u0131lan kuma\u015f sandalyeler zamanla kirlenebilir. G\u00fcnl\u00fck kullan\u0131m, d\u00f6k\u00fclen i\u00e7ecekler, yemek lekeleri ve toz gibi etkenler sandalyelerin hem g\u00f6r\u00fcn\u00fcm\u00fcn\u00fc hem de hijyenini olumsuz etkiler. Profesyonel sandalye y\u0131kama hizmetimiz sayesinde sandalyeleriniz derinlemesine temizlenir, lekeler giderilir ve hijyenik bir kullan\u0131m sa\u011flan\u0131r. \u00d6zel temizlik \u00fcr\u00fcnleri ve profesyonel makineler kullan\u0131larak yap\u0131lan temizlik i\u015flemi sayesinde sandalyeleriniz [&hellip;]<\/p>\n","protected":false},"author":1,"featured_media":0,"parent":0,"menu_order":0,"comment_status":"closed","ping_status":"closed","template":"page-templates\/pagebuilder.php","meta":{"zakra_page_container_layout":"stretched","zakra_page_sidebar_layout":"no_sidebar","zakra_remove_content_margin":false,"zakra_sidebar":"customizer","zakra_transparent_header":"0","zakra_logo":0,"zakra_main_header_style":"default","zakra_menu_item_color":"","zakra_menu_item_hover_color":"","zakra_menu_item_active_color":"","zakra_menu_active_style":"","zakra_page_header":true,"footnotes":""},"class_list":["post-2503","page","type-page","status-publish","hentry"],"yoast_head":"<!-- This site is optimized with the Yoast SEO plugin v27.4 - https:\/\/yoast.com\/product\/yoast-seo-wordpress\/ -->\n<title>Sandalye Y\u0131kama - Uras Koltuk Y\u0131kama<\/title>\n<meta name=\"robots\" content=\"index, follow, max-snippet:-1, max-image-preview:large, max-video-preview:-1\" \/>\n<link rel=\"canonical\" href=\"https:\/\/uraskoltukyikama.com\/?page_id=2503\" \/>\n<meta property=\"og:locale\" content=\"tr_TR\" \/>\n<meta property=\"og:type\" content=\"article\" \/>\n<meta property=\"og:title\" content=\"Sandalye Y\u0131kama - Uras Koltuk Y\u0131kama\" \/>\n<meta property=\"og:description\" content=\"Evlerde, ofislerde, kafe ve restoranlarda kullan\u0131lan kuma\u015f sandalyeler zamanla kirlenebilir. G\u00fcnl\u00fck kullan\u0131m, d\u00f6k\u00fclen i\u00e7ecekler, yemek lekeleri ve toz gibi etkenler sandalyelerin hem g\u00f6r\u00fcn\u00fcm\u00fcn\u00fc hem de hijyenini olumsuz etkiler. Profesyonel sandalye y\u0131kama hizmetimiz sayesinde sandalyeleriniz derinlemesine temizlenir, lekeler giderilir ve hijyenik bir kullan\u0131m sa\u011flan\u0131r. \u00d6zel temizlik \u00fcr\u00fcnleri ve profesyonel makineler kullan\u0131larak yap\u0131lan temizlik i\u015flemi sayesinde sandalyeleriniz [&hellip;]\" \/>\n<meta property=\"og:url\" content=\"https:\/\/uraskoltukyikama.com\/?page_id=2503\" \/>\n<meta property=\"og:site_name\" content=\"Uras Koltuk Y\u0131kama\" \/>\n<meta property=\"article:modified_time\" content=\"2026-04-19T08:31:22+00:00\" \/>\n<meta property=\"og:image\" content=\"https:\/\/uraskoltukyikama.com\/wp-content\/uploads\/2026\/04\/sandalye-yikama.jpg\" \/>\n\t<meta property=\"og:image:width\" content=\"1024\" \/>\n\t<meta property=\"og:image:height\" content=\"674\" \/>\n\t<meta property=\"og:image:type\" content=\"image\/jpeg\" \/>\n<meta name=\"twitter:card\" content=\"summary_large_image\" \/>\n<meta name=\"twitter:label1\" content=\"Tahmini okuma s\u00fcresi\" \/>\n\t<meta name=\"twitter:data1\" content=\"2 dakika\" \/>\n<script type=\"application\/ld+json\" class=\"yoast-schema-graph\">{\"@context\":\"https:\\\/\\\/schema.org\",\"@graph\":[{\"@type\":\"WebPage\",\"@id\":\"https:\\\/\\\/uraskoltukyikama.com\\\/?page_id=2503\",\"url\":\"https:\\\/\\\/uraskoltukyikama.com\\\/?page_id=2503\",\"name\":\"Sandalye Y\u0131kama - Uras Koltuk Y\u0131kama\",\"isPartOf\":{\"@id\":\"https:\\\/\\\/uraskoltukyikama.com\\\/#website\"},\"primaryImageOfPage\":{\"@id\":\"https:\\\/\\\/uraskoltukyikama.com\\\/?page_id=2503#primaryimage\"},\"image\":{\"@id\":\"https:\\\/\\\/uraskoltukyikama.com\\\/?page_id=2503#primaryimage\"},\"thumbnailUrl\":\"https:\\\/\\\/uraskoltukyikama.com\\\/wp-content\\\/uploads\\\/2026\\\/04\\\/sandalye-yikama-768x506.jpg\",\"datePublished\":\"2026-04-19T08:30:47+00:00\",\"dateModified\":\"2026-04-19T08:31:22+00:00\",\"breadcrumb\":{\"@id\":\"https:\\\/\\\/uraskoltukyikama.com\\\/?page_id=2503#breadcrumb\"},\"inLanguage\":\"tr\",\"potentialAction\":[{\"@type\":\"ReadAction\",\"target\":[\"https:\\\/\\\/uraskoltukyikama.com\\\/?page_id=2503\"]}]},{\"@type\":\"ImageObject\",\"inLanguage\":\"tr\",\"@id\":\"https:\\\/\\\/uraskoltukyikama.com\\\/?page_id=2503#primaryimage\",\"url\":\"https:\\\/\\\/uraskoltukyikama.com\\\/wp-content\\\/uploads\\\/2026\\\/04\\\/sandalye-yikama.jpg\",\"contentUrl\":\"https:\\\/\\\/uraskoltukyikama.com\\\/wp-content\\\/uploads\\\/2026\\\/04\\\/sandalye-yikama.jpg\",\"width\":1024,\"height\":674},{\"@type\":\"BreadcrumbList\",\"@id\":\"https:\\\/\\\/uraskoltukyikama.com\\\/?page_id=2503#breadcrumb\",\"itemListElement\":[{\"@type\":\"ListItem\",\"position\":1,\"name\":\"Anasayfa\",\"item\":\"https:\\\/\\\/uraskoltukyikama.com\\\/\"},{\"@type\":\"ListItem\",\"position\":2,\"name\":\"Sandalye Y\u0131kama\"}]},{\"@type\":\"WebSite\",\"@id\":\"https:\\\/\\\/uraskoltukyikama.com\\\/#website\",\"url\":\"https:\\\/\\\/uraskoltukyikama.com\\\/\",\"name\":\"Uras Koltuk Y\u0131kama\",\"description\":\"\",\"publisher\":{\"@id\":\"https:\\\/\\\/uraskoltukyikama.com\\\/#organization\"},\"potentialAction\":[{\"@type\":\"SearchAction\",\"target\":{\"@type\":\"EntryPoint\",\"urlTemplate\":\"https:\\\/\\\/uraskoltukyikama.com\\\/?s={search_term_string}\"},\"query-input\":{\"@type\":\"PropertyValueSpecification\",\"valueRequired\":true,\"valueName\":\"search_term_string\"}}],\"inLanguage\":\"tr\"},{\"@type\":\"Organization\",\"@id\":\"https:\\\/\\\/uraskoltukyikama.com\\\/#organization\",\"name\":\"Uras Koltuk Y\u0131kama\",\"url\":\"https:\\\/\\\/uraskoltukyikama.com\\\/\",\"logo\":{\"@type\":\"ImageObject\",\"inLanguage\":\"tr\",\"@id\":\"https:\\\/\\\/uraskoltukyikama.com\\\/#\\\/schema\\\/logo\\\/image\\\/\",\"url\":\"https:\\\/\\\/uraskoltukyikama.com\\\/wp-content\\\/uploads\\\/2026\\\/03\\\/URASLOGOVECTOR2-scaled.png\",\"contentUrl\":\"https:\\\/\\\/uraskoltukyikama.com\\\/wp-content\\\/uploads\\\/2026\\\/03\\\/URASLOGOVECTOR2-scaled.png\",\"width\":2560,\"height\":799,\"caption\":\"Uras Koltuk Y\u0131kama\"},\"image\":{\"@id\":\"https:\\\/\\\/uraskoltukyikama.com\\\/#\\\/schema\\\/logo\\\/image\\\/\"}}]}<\/script>\n<!-- \/ Yoast SEO plugin. -->","yoast_head_json":{"title":"Sandalye Y\u0131kama - Uras Koltuk Y\u0131kama","robots":{"index":"index","follow":"follow","max-snippet":"max-snippet:-1","max-image-preview":"max-image-preview:large","max-video-preview":"max-video-preview:-1"},"canonical":"https:\/\/uraskoltukyikama.com\/?page_id=2503","og_locale":"tr_TR","og_type":"article","og_title":"Sandalye Y\u0131kama - Uras Koltuk Y\u0131kama","og_description":"Evlerde, ofislerde, kafe ve restoranlarda kullan\u0131lan kuma\u015f sandalyeler zamanla kirlenebilir. G\u00fcnl\u00fck kullan\u0131m, d\u00f6k\u00fclen i\u00e7ecekler, yemek lekeleri ve toz gibi etkenler sandalyelerin hem g\u00f6r\u00fcn\u00fcm\u00fcn\u00fc hem de hijyenini olumsuz etkiler. Profesyonel sandalye y\u0131kama hizmetimiz sayesinde sandalyeleriniz derinlemesine temizlenir, lekeler giderilir ve hijyenik bir kullan\u0131m sa\u011flan\u0131r. \u00d6zel temizlik \u00fcr\u00fcnleri ve profesyonel makineler kullan\u0131larak yap\u0131lan temizlik i\u015flemi sayesinde sandalyeleriniz [&hellip;]","og_url":"https:\/\/uraskoltukyikama.com\/?page_id=2503","og_site_name":"Uras Koltuk Y\u0131kama","article_modified_time":"2026-04-19T08:31:22+00:00","og_image":[{"width":1024,"height":674,"url":"https:\/\/uraskoltukyikama.com\/wp-content\/uploads\/2026\/04\/sandalye-yikama.jpg","type":"image\/jpeg"}],"twitter_card":"summary_large_image","twitter_misc":{"Tahmini okuma s\u00fcresi":"2 dakika"},"schema":{"@context":"https:\/\/schema.org","@graph":[{"@type":"WebPage","@id":"https:\/\/uraskoltukyikama.com\/?page_id=2503","url":"https:\/\/uraskoltukyikama.com\/?page_id=2503","name":"Sandalye Y\u0131kama - Uras Koltuk Y\u0131kama","isPartOf":{"@id":"https:\/\/uraskoltukyikama.com\/#website"},"primaryImageOfPage":{"@id":"https:\/\/uraskoltukyikama.com\/?page_id=2503#primaryimage"},"image":{"@id":"https:\/\/uraskoltukyikama.com\/?page_id=2503#primaryimage"},"thumbnailUrl":"https:\/\/uraskoltukyikama.com\/wp-content\/uploads\/2026\/04\/sandalye-yikama-768x506.jpg","datePublished":"2026-04-19T08:30:47+00:00","dateModified":"2026-04-19T08:31:22+00:00","breadcrumb":{"@id":"https:\/\/uraskoltukyikama.com\/?page_id=2503#breadcrumb"},"inLanguage":"tr","potentialAction":[{"@type":"ReadAction","target":["https:\/\/uraskoltukyikama.com\/?page_id=2503"]}]},{"@type":"ImageObject","inLanguage":"tr","@id":"https:\/\/uraskoltukyikama.com\/?page_id=2503#primaryimage","url":"https:\/\/uraskoltukyikama.com\/wp-content\/uploads\/2026\/04\/sandalye-yikama.jpg","contentUrl":"https:\/\/uraskoltukyikama.com\/wp-content\/uploads\/2026\/04\/sandalye-yikama.jpg","width":1024,"height":674},{"@type":"BreadcrumbList","@id":"https:\/\/uraskoltukyikama.com\/?page_id=2503#breadcrumb","itemListElement":[{"@type":"ListItem","position":1,"name":"Anasayfa","item":"https:\/\/uraskoltukyikama.com\/"},{"@type":"ListItem","position":2,"name":"Sandalye Y\u0131kama"}]},{"@type":"WebSite","@id":"https:\/\/uraskoltukyikama.com\/#website","url":"https:\/\/uraskoltukyikama.com\/","name":"Uras Koltuk Y\u0131kama","description":"","publisher":{"@id":"https:\/\/uraskoltukyikama.com\/#organization"},"potentialAction":[{"@type":"SearchAction","target":{"@type":"EntryPoint","urlTemplate":"https:\/\/uraskoltukyikama.com\/?s={search_term_string}"},"query-input":{"@type":"PropertyValueSpecification","valueRequired":true,"valueName":"search_term_string"}}],"inLanguage":"tr"},{"@type":"Organization","@id":"https:\/\/uraskoltukyikama.com\/#organization","name":"Uras Koltuk Y\u0131kama","url":"https:\/\/uraskoltukyikama.com\/","logo":{"@type":"ImageObject","inLanguage":"tr","@id":"https:\/\/uraskoltukyikama.com\/#\/schema\/logo\/image\/","url":"https:\/\/uraskoltukyikama.com\/wp-content\/uploads\/2026\/03\/URASLOGOVECTOR2-scaled.png","contentUrl":"https:\/\/uraskoltukyikama.com\/wp-content\/uploads\/2026\/03\/URASLOGOVECTOR2-scaled.png","width":2560,"height":799,"caption":"Uras Koltuk Y\u0131kama"},"image":{"@id":"https:\/\/uraskoltukyikama.com\/#\/schema\/logo\/image\/"}}]}},"_hostinger_reach_plugin_has_subscription_block":false,"_hostinger_reach_plugin_is_elementor":false,"_links":{"self":[{"href":"https:\/\/uraskoltukyikama.com\/index.php?rest_route=\/wp\/v2\/pages\/2503","targetHints":{"allow":["GET"]}}],"collection":[{"href":"https:\/\/uraskoltukyikama.com\/index.php?rest_route=\/wp\/v2\/pages"}],"about":[{"href":"https:\/\/uraskoltukyikama.com\/index.php?rest_route=\/wp\/v2\/types\/page"}],"author":[{"embeddable":true,"href":"https:\/\/uraskoltukyikama.com\/index.php?rest_route=\/wp\/v2\/users\/1"}],"replies":[{"embeddable":true,"href":"https:\/\/uraskoltukyikama.com\/index.php?rest_route=%2Fwp%2Fv2%2Fcomments&post=2503"}],"version-history":[{"count":4,"href":"https:\/\/uraskoltukyikama.com\/index.php?rest_route=\/wp\/v2\/pages\/2503\/revisions"}],"predecessor-version":[{"id":2535,"href":"https:\/\/uraskoltukyikama.com\/index.php?rest_route=\/wp\/v2\/pages\/2503\/revisions\/2535"}],"wp:attachment":[{"href":"https:\/\/uraskoltukyikama.com\/index.php?rest_route=%2Fwp%2Fv2%2Fmedia&parent=2503"}],"curies":[{"name":"wp","href":"https:\/\/api.w.org\/{rel}","templated":true}]}}