{"id":2501,"date":"2026-04-19T10:56:31","date_gmt":"2026-04-19T07:56:31","guid":{"rendered":"https:\/\/uraskoltukyikama.com\/?page_id=2501"},"modified":"2026-04-19T11:25:33","modified_gmt":"2026-04-19T08:25:33","slug":"oto-koltugu-yikama","status":"publish","type":"page","link":"https:\/\/uraskoltukyikama.com\/?page_id=2501","title":{"rendered":"Oto Koltu\u011fu Y\u0131kama"},"content":{"rendered":"\t\t<div data-elementor-type=\"wp-post\" data-elementor-id=\"2501\" class=\"elementor elementor-2501\">\n\t\t\t\t\t\t<section class=\"elementor-section elementor-top-section elementor-element elementor-element-5f08b34 elementor-section-boxed elementor-section-height-default elementor-section-height-default\" data-id=\"5f08b34\" data-element_type=\"section\" data-e-type=\"section\">\n\t\t\t\t\t\t<div class=\"elementor-container elementor-column-gap-default\">\n\t\t\t\t\t<div class=\"elementor-column elementor-col-100 elementor-top-column elementor-element elementor-element-e588503\" data-id=\"e588503\" data-element_type=\"column\" data-e-type=\"column\">\n\t\t\t<div class=\"elementor-widget-wrap elementor-element-populated\">\n\t\t\t\t\t\t<div class=\"elementor-element elementor-element-b6e490a elementor-widget elementor-widget-image\" data-id=\"b6e490a\" data-element_type=\"widget\" data-e-type=\"widget\" data-widget_type=\"image.default\">\n\t\t\t\t\t\t\t\t\t\t\t\t\t\t\t<img fetchpriority=\"high\" decoding=\"async\" width=\"768\" height=\"576\" src=\"https:\/\/uraskoltukyikama.com\/wp-content\/uploads\/2026\/03\/oto-koltuk-yikama2-768x576-1.jpg\" class=\"attachment-medium_large size-medium_large wp-image-2334\" alt=\"\" srcset=\"https:\/\/uraskoltukyikama.com\/wp-content\/uploads\/2026\/03\/oto-koltuk-yikama2-768x576-1.jpg 768w, https:\/\/uraskoltukyikama.com\/wp-content\/uploads\/2026\/03\/oto-koltuk-yikama2-768x576-1-300x225.jpg 300w\" sizes=\"(max-width: 768px) 100vw, 768px\" \/>\t\t\t\t\t\t\t\t\t\t\t\t\t\t\t<\/div>\n\t\t\t\t<div class=\"elementor-element elementor-element-509c6d9 elementor-widget elementor-widget-text-editor\" data-id=\"509c6d9\" data-element_type=\"widget\" data-e-type=\"widget\" data-widget_type=\"text-editor.default\">\n\t\t\t\t\t\t\t\t\t<p data-start=\"3668\" data-end=\"3833\">Ara\u00e7 koltuklar\u0131 zamanla toz, yemek lekeleri ve k\u00f6t\u00fc kokular nedeniyle kirlenebilir. \u00d6zellikle uzun s\u00fcre kullan\u0131lan ara\u00e7larda koltuklar\u0131n temizli\u011fi olduk\u00e7a \u00f6nemlidir.<\/p>\n<p data-start=\"3835\" data-end=\"3931\">Profesyonel oto koltu\u011fu y\u0131kama hizmetimiz sayesinde ara\u00e7 koltuklar\u0131n\u0131z derinlemesine temizlenir.<span style=\"font-style: inherit; font-weight: inherit; letter-spacing: 0.18px;\">Yo\u011fun ya\u015fam temposu nedeniyle ev temizli\u011fine yeterli zaman ay\u0131rmak her zaman m\u00fcmk\u00fcn olmayabilir. Profesyonel ev temizli\u011fi hizmetimiz ile evinizin t\u00fcm alanlar\u0131n\u0131 detayl\u0131 \u015fekilde temizliyoruz.<\/span><\/p>\t\t\t\t\t\t\t\t<\/div>\n\t\t\t\t<div class=\"elementor-element elementor-element-9619ccf elementor-widget elementor-widget-heading\" data-id=\"9619ccf\" data-element_type=\"widget\" data-e-type=\"widget\" data-widget_type=\"heading.default\">\n\t\t\t\t\t<h2 class=\"elementor-heading-title elementor-size-default\">Oto Koltu\u011fu Y\u0131kama Avantajlar\u0131<\/h2>\t\t\t\t<\/div>\n\t\t\t\t<div class=\"elementor-element elementor-element-934062d elementor-widget elementor-widget-text-editor\" data-id=\"934062d\" data-element_type=\"widget\" data-e-type=\"widget\" data-widget_type=\"text-editor.default\">\n\t\t\t\t\t\t\t\t\t<p data-start=\"1331\" data-end=\"1508\">\u2714 k\u00f6t\u00fc kokular giderilir<br data-start=\"3997\" data-end=\"4000\" \/>\u2714 lekeler temizlenir<br data-start=\"4020\" data-end=\"4023\" \/>\u2714 ara\u00e7 i\u00e7i hijyen artar<br data-start=\"4046\" data-end=\"4049\" \/>\u2714 koltuklar\u0131n \u00f6mr\u00fc uzar<\/p>\t\t\t\t\t\t\t\t<\/div>\n\t\t\t\t<section class=\"elementor-section elementor-inner-section elementor-element elementor-element-4584267 elementor-section-boxed elementor-section-height-default elementor-section-height-default\" data-id=\"4584267\" data-element_type=\"section\" data-e-type=\"section\">\n\t\t\t\t\t\t<div class=\"elementor-container elementor-column-gap-default\">\n\t\t\t\t\t<div class=\"elementor-column elementor-col-50 elementor-inner-column elementor-element elementor-element-109e1f1\" data-id=\"109e1f1\" data-element_type=\"column\" data-e-type=\"column\">\n\t\t\t<div class=\"elementor-widget-wrap elementor-element-populated\">\n\t\t\t\t\t\t<div class=\"elementor-element elementor-element-4d73fef elementor-icon-list--layout-traditional elementor-list-item-link-full_width elementor-widget elementor-widget-icon-list\" data-id=\"4d73fef\" data-element_type=\"widget\" data-e-type=\"widget\" data-widget_type=\"icon-list.default\">\n\t\t\t\t\t\t\t<ul class=\"elementor-icon-list-items\">\n\t\t\t\t\t\t\t<li class=\"elementor-icon-list-item\">\n\t\t\t\t\t\t\t\t\t\t\t<span class=\"elementor-icon-list-icon\">\n\t\t\t\t\t\t\t<svg aria-hidden=\"true\" class=\"e-font-icon-svg e-far-dot-circle\" viewBox=\"0 0 512 512\" xmlns=\"http:\/\/www.w3.org\/2000\/svg\"><path d=\"M256 56c110.532 0 200 89.451 200 200 0 110.532-89.451 200-200 200-110.532 0-200-89.451-200-200 0-110.532 89.451-200 200-200m0-48C119.033 8 8 119.033 8 256s111.033 248 248 248 248-111.033 248-248S392.967 8 256 8zm0 168c-44.183 0-80 35.817-80 80s35.817 80 80 80 80-35.817 80-80-35.817-80-80-80z\"><\/path><\/svg>\t\t\t\t\t\t<\/span>\n\t\t\t\t\t\t\t\t\t\t<span class=\"elementor-icon-list-text\">Hijyenik ve sa\u011fl\u0131kl\u0131 temizlik sunmak<\/span>\n\t\t\t\t\t\t\t\t\t<\/li>\n\t\t\t\t\t\t\t\t<li class=\"elementor-icon-list-item\">\n\t\t\t\t\t\t\t\t\t\t\t<span class=\"elementor-icon-list-icon\">\n\t\t\t\t\t\t\t<svg aria-hidden=\"true\" class=\"e-font-icon-svg e-far-dot-circle\" viewBox=\"0 0 512 512\" xmlns=\"http:\/\/www.w3.org\/2000\/svg\"><path d=\"M256 56c110.532 0 200 89.451 200 200 0 110.532-89.451 200-200 200-110.532 0-200-89.451-200-200 0-110.532 89.451-200 200-200m0-48C119.033 8 8 119.033 8 256s111.033 248 248 248 248-111.033 248-248S392.967 8 256 8zm0 168c-44.183 0-80 35.817-80 80s35.817 80 80 80 80-35.817 80-80-35.817-80-80-80z\"><\/path><\/svg>\t\t\t\t\t\t<\/span>\n\t\t\t\t\t\t\t\t\t\t<span class=\"elementor-icon-list-text\">Son teknoloji ile etkili sonu\u00e7lar sa\u011flamak<\/span>\n\t\t\t\t\t\t\t\t\t<\/li>\n\t\t\t\t\t\t\t\t<li class=\"elementor-icon-list-item\">\n\t\t\t\t\t\t\t\t\t\t\t<span class=\"elementor-icon-list-icon\">\n\t\t\t\t\t\t\t<svg aria-hidden=\"true\" class=\"e-font-icon-svg e-far-dot-circle\" viewBox=\"0 0 512 512\" xmlns=\"http:\/\/www.w3.org\/2000\/svg\"><path d=\"M256 56c110.532 0 200 89.451 200 200 0 110.532-89.451 200-200 200-110.532 0-200-89.451-200-200 0-110.532 89.451-200 200-200m0-48C119.033 8 8 119.033 8 256s111.033 248 248 248 248-111.033 248-248S392.967 8 256 8zm0 168c-44.183 0-80 35.817-80 80s35.817 80 80 80 80-35.817 80-80-35.817-80-80-80z\"><\/path><\/svg>\t\t\t\t\t\t<\/span>\n\t\t\t\t\t\t\t\t\t\t<span class=\"elementor-icon-list-text\">\u00c7evre dostu \u00fcr\u00fcnler kullanmak<\/span>\n\t\t\t\t\t\t\t\t\t<\/li>\n\t\t\t\t\t\t<\/ul>\n\t\t\t\t\t\t<\/div>\n\t\t\t\t\t<\/div>\n\t\t<\/div>\n\t\t\t\t<div class=\"elementor-column elementor-col-50 elementor-inner-column elementor-element elementor-element-3c7781f\" data-id=\"3c7781f\" data-element_type=\"column\" data-e-type=\"column\">\n\t\t\t<div class=\"elementor-widget-wrap elementor-element-populated\">\n\t\t\t\t\t\t<div class=\"elementor-element elementor-element-d033423 elementor-icon-list--layout-traditional elementor-list-item-link-full_width elementor-widget elementor-widget-icon-list\" data-id=\"d033423\" data-element_type=\"widget\" data-e-type=\"widget\" data-widget_type=\"icon-list.default\">\n\t\t\t\t\t\t\t<ul class=\"elementor-icon-list-items\">\n\t\t\t\t\t\t\t<li class=\"elementor-icon-list-item\">\n\t\t\t\t\t\t\t\t\t\t\t<span class=\"elementor-icon-list-icon\">\n\t\t\t\t\t\t\t<svg aria-hidden=\"true\" class=\"e-font-icon-svg e-far-dot-circle\" viewBox=\"0 0 512 512\" xmlns=\"http:\/\/www.w3.org\/2000\/svg\"><path d=\"M256 56c110.532 0 200 89.451 200 200 0 110.532-89.451 200-200 200-110.532 0-200-89.451-200-200 0-110.532 89.451-200 200-200m0-48C119.033 8 8 119.033 8 256s111.033 248 248 248 248-111.033 248-248S392.967 8 256 8zm0 168c-44.183 0-80 35.817-80 80s35.817 80 80 80 80-35.817 80-80-35.817-80-80-80z\"><\/path><\/svg>\t\t\t\t\t\t<\/span>\n\t\t\t\t\t\t\t\t\t\t<span class=\"elementor-icon-list-text\">H\u0131zl\u0131 ve g\u00fcvenilir hizmet vermek<\/span>\n\t\t\t\t\t\t\t\t\t<\/li>\n\t\t\t\t\t\t\t\t<li class=\"elementor-icon-list-item\">\n\t\t\t\t\t\t\t\t\t\t\t<span class=\"elementor-icon-list-icon\">\n\t\t\t\t\t\t\t<svg aria-hidden=\"true\" class=\"e-font-icon-svg e-far-dot-circle\" viewBox=\"0 0 512 512\" xmlns=\"http:\/\/www.w3.org\/2000\/svg\"><path d=\"M256 56c110.532 0 200 89.451 200 200 0 110.532-89.451 200-200 200-110.532 0-200-89.451-200-200 0-110.532 89.451-200 200-200m0-48C119.033 8 8 119.033 8 256s111.033 248 248 248 248-111.033 248-248S392.967 8 256 8zm0 168c-44.183 0-80 35.817-80 80s35.817 80 80 80 80-35.817 80-80-35.817-80-80-80z\"><\/path><\/svg>\t\t\t\t\t\t<\/span>\n\t\t\t\t\t\t\t\t\t\t<span class=\"elementor-icon-list-text\">M\u00fc\u015fteri memnuniyetini \u00f6n planda tutmak<\/span>\n\t\t\t\t\t\t\t\t\t<\/li>\n\t\t\t\t\t\t\t\t<li class=\"elementor-icon-list-item\">\n\t\t\t\t\t\t\t\t\t\t\t<span class=\"elementor-icon-list-icon\">\n\t\t\t\t\t\t\t<svg aria-hidden=\"true\" class=\"e-font-icon-svg e-far-dot-circle\" viewBox=\"0 0 512 512\" xmlns=\"http:\/\/www.w3.org\/2000\/svg\"><path d=\"M256 56c110.532 0 200 89.451 200 200 0 110.532-89.451 200-200 200-110.532 0-200-89.451-200-200 0-110.532 89.451-200 200-200m0-48C119.033 8 8 119.033 8 256s111.033 248 248 248 248-111.033 248-248S392.967 8 256 8zm0 168c-44.183 0-80 35.817-80 80s35.817 80 80 80 80-35.817 80-80-35.817-80-80-80z\"><\/path><\/svg>\t\t\t\t\t\t<\/span>\n\t\t\t\t\t\t\t\t\t\t<span class=\"elementor-icon-list-text\">Uygun fiyat, kaliteli hizmet sunmak<\/span>\n\t\t\t\t\t\t\t\t\t<\/li>\n\t\t\t\t\t\t<\/ul>\n\t\t\t\t\t\t<\/div>\n\t\t\t\t\t<\/div>\n\t\t<\/div>\n\t\t\t\t\t<\/div>\n\t\t<\/section>\n\t\t\t\t\t<\/div>\n\t\t<\/div>\n\t\t\t\t\t<\/div>\n\t\t<\/section>\n\t\t\t\t<section class=\"elementor-section elementor-top-section elementor-element elementor-element-29de6c8 elementor-section-boxed elementor-section-height-default elementor-section-height-default\" data-id=\"29de6c8\" data-element_type=\"section\" data-e-type=\"section\" data-settings=\"{&quot;background_background&quot;:&quot;classic&quot;}\">\n\t\t\t\t\t\t<div class=\"elementor-container elementor-column-gap-default\">\n\t\t\t\t\t<div class=\"elementor-column elementor-col-100 elementor-top-column elementor-element elementor-element-683d92e\" data-id=\"683d92e\" data-element_type=\"column\" data-e-type=\"column\">\n\t\t\t<div class=\"elementor-widget-wrap elementor-element-populated\">\n\t\t\t\t\t\t<section class=\"elementor-section elementor-inner-section elementor-element elementor-element-01749e7 elementor-section-boxed elementor-section-height-default elementor-section-height-default\" data-id=\"01749e7\" data-element_type=\"section\" data-e-type=\"section\">\n\t\t\t\t\t\t<div class=\"elementor-container elementor-column-gap-default\">\n\t\t\t\t\t<div class=\"elementor-column elementor-col-100 elementor-inner-column elementor-element elementor-element-e9210f5\" data-id=\"e9210f5\" data-element_type=\"column\" data-e-type=\"column\" data-settings=\"{&quot;background_background&quot;:&quot;classic&quot;}\">\n\t\t\t<div class=\"elementor-widget-wrap elementor-element-populated\">\n\t\t\t\t\t\t<div class=\"elementor-element elementor-element-f2b2086 elementor-widget elementor-widget-heading\" data-id=\"f2b2086\" data-element_type=\"widget\" data-e-type=\"widget\" data-widget_type=\"heading.default\">\n\t\t\t\t\t<h2 class=\"elementor-heading-title elementor-size-default\">Temizlik \u0130htiyac\u0131n\u0131z m\u0131 Mevcut ?<\/h2>\t\t\t\t<\/div>\n\t\t\t\t<div class=\"elementor-element elementor-element-09d11df elementor-widget elementor-widget-text-editor\" data-id=\"09d11df\" data-element_type=\"widget\" data-e-type=\"widget\" data-widget_type=\"text-editor.default\">\n\t\t\t\t\t\t\t\t\t<p>Koltuklar\u0131n\u0131z\u0131n profesyonel temizlikle yenilenmesini istiyorsan\u0131z, do\u011fru yerdesiniz! Hemen bizimle ileti\u015fime ge\u00e7in, temizli\u011fe ilk ad\u0131m\u0131 birlikte atal\u0131m.<\/p>\t\t\t\t\t\t\t\t<\/div>\n\t\t\t\t\t<\/div>\n\t\t<\/div>\n\t\t\t\t\t<\/div>\n\t\t<\/section>\n\t\t\t\t<div class=\"elementor-element elementor-element-d638885 elementor-align-center elementor-widget elementor-widget-button\" data-id=\"d638885\" data-element_type=\"widget\" data-e-type=\"widget\" data-widget_type=\"button.default\">\n\t\t\t\t\t\t\t\t\t\t<a class=\"elementor-button elementor-button-link elementor-size-sm\" href=\"https:\/\/uraskoltukyikama.com\/?page_id=41\">\n\t\t\t\t\t\t<span class=\"elementor-button-content-wrapper\">\n\t\t\t\t\t\t\t\t\t<span class=\"elementor-button-text\">\u0130leti\u015fime Ge\u00e7in<\/span>\n\t\t\t\t\t<\/span>\n\t\t\t\t\t<\/a>\n\t\t\t\t\t\t\t\t<\/div>\n\t\t\t\t\t<\/div>\n\t\t<\/div>\n\t\t\t\t\t<\/div>\n\t\t<\/section>\n\t\t\t\t<\/div>\n\t\t","protected":false},"excerpt":{"rendered":"<p>Ara\u00e7 koltuklar\u0131 zamanla toz, yemek lekeleri ve k\u00f6t\u00fc kokular nedeniyle kirlenebilir. \u00d6zellikle uzun s\u00fcre kullan\u0131lan ara\u00e7larda koltuklar\u0131n temizli\u011fi olduk\u00e7a \u00f6nemlidir. Profesyonel oto koltu\u011fu y\u0131kama hizmetimiz sayesinde ara\u00e7 koltuklar\u0131n\u0131z derinlemesine temizlenir.Yo\u011fun ya\u015fam temposu nedeniyle ev temizli\u011fine yeterli zaman ay\u0131rmak her zaman m\u00fcmk\u00fcn olmayabilir. Profesyonel ev temizli\u011fi hizmetimiz ile evinizin t\u00fcm alanlar\u0131n\u0131 detayl\u0131 \u015fekilde temizliyoruz. Oto Koltu\u011fu [&hellip;]<\/p>\n","protected":false},"author":1,"featured_media":0,"parent":0,"menu_order":0,"comment_status":"closed","ping_status":"closed","template":"page-templates\/pagebuilder.php","meta":{"zakra_page_container_layout":"stretched","zakra_page_sidebar_layout":"no_sidebar","zakra_remove_content_margin":false,"zakra_sidebar":"customizer","zakra_transparent_header":"0","zakra_logo":0,"zakra_main_header_style":"default","zakra_menu_item_color":"","zakra_menu_item_hover_color":"","zakra_menu_item_active_color":"","zakra_menu_active_style":"","zakra_page_header":true,"footnotes":""},"class_list":["post-2501","page","type-page","status-publish","hentry"],"yoast_head":"<!-- This site is optimized with the Yoast SEO plugin v27.4 - https:\/\/yoast.com\/product\/yoast-seo-wordpress\/ -->\n<title>Oto Koltu\u011fu Y\u0131kama - Uras Koltuk Y\u0131kama<\/title>\n<meta name=\"robots\" content=\"index, follow, max-snippet:-1, max-image-preview:large, max-video-preview:-1\" \/>\n<link rel=\"canonical\" href=\"https:\/\/uraskoltukyikama.com\/?page_id=2501\" \/>\n<meta property=\"og:locale\" content=\"tr_TR\" \/>\n<meta property=\"og:type\" content=\"article\" \/>\n<meta property=\"og:title\" content=\"Oto Koltu\u011fu Y\u0131kama - Uras Koltuk Y\u0131kama\" \/>\n<meta property=\"og:description\" content=\"Ara\u00e7 koltuklar\u0131 zamanla toz, yemek lekeleri ve k\u00f6t\u00fc kokular nedeniyle kirlenebilir. \u00d6zellikle uzun s\u00fcre kullan\u0131lan ara\u00e7larda koltuklar\u0131n temizli\u011fi olduk\u00e7a \u00f6nemlidir. Profesyonel oto koltu\u011fu y\u0131kama hizmetimiz sayesinde ara\u00e7 koltuklar\u0131n\u0131z derinlemesine temizlenir.Yo\u011fun ya\u015fam temposu nedeniyle ev temizli\u011fine yeterli zaman ay\u0131rmak her zaman m\u00fcmk\u00fcn olmayabilir. Profesyonel ev temizli\u011fi hizmetimiz ile evinizin t\u00fcm alanlar\u0131n\u0131 detayl\u0131 \u015fekilde temizliyoruz. Oto Koltu\u011fu [&hellip;]\" \/>\n<meta property=\"og:url\" content=\"https:\/\/uraskoltukyikama.com\/?page_id=2501\" \/>\n<meta property=\"og:site_name\" content=\"Uras Koltuk Y\u0131kama\" \/>\n<meta property=\"article:modified_time\" content=\"2026-04-19T08:25:33+00:00\" \/>\n<meta property=\"og:image\" content=\"https:\/\/uraskoltukyikama.com\/wp-content\/uploads\/2026\/03\/oto-koltuk-yikama2-768x576-1.jpg\" \/>\n\t<meta property=\"og:image:width\" content=\"768\" \/>\n\t<meta property=\"og:image:height\" content=\"576\" \/>\n\t<meta property=\"og:image:type\" content=\"image\/jpeg\" \/>\n<meta name=\"twitter:card\" content=\"summary_large_image\" \/>\n<meta name=\"twitter:label1\" content=\"Tahmini okuma s\u00fcresi\" \/>\n\t<meta name=\"twitter:data1\" content=\"2 dakika\" \/>\n<script type=\"application\/ld+json\" class=\"yoast-schema-graph\">{\"@context\":\"https:\\\/\\\/schema.org\",\"@graph\":[{\"@type\":\"WebPage\",\"@id\":\"https:\\\/\\\/uraskoltukyikama.com\\\/?page_id=2501\",\"url\":\"https:\\\/\\\/uraskoltukyikama.com\\\/?page_id=2501\",\"name\":\"Oto Koltu\u011fu Y\u0131kama - Uras Koltuk Y\u0131kama\",\"isPartOf\":{\"@id\":\"https:\\\/\\\/uraskoltukyikama.com\\\/#website\"},\"primaryImageOfPage\":{\"@id\":\"https:\\\/\\\/uraskoltukyikama.com\\\/?page_id=2501#primaryimage\"},\"image\":{\"@id\":\"https:\\\/\\\/uraskoltukyikama.com\\\/?page_id=2501#primaryimage\"},\"thumbnailUrl\":\"https:\\\/\\\/uraskoltukyikama.com\\\/wp-content\\\/uploads\\\/2026\\\/03\\\/oto-koltuk-yikama2-768x576-1.jpg\",\"datePublished\":\"2026-04-19T07:56:31+00:00\",\"dateModified\":\"2026-04-19T08:25:33+00:00\",\"breadcrumb\":{\"@id\":\"https:\\\/\\\/uraskoltukyikama.com\\\/?page_id=2501#breadcrumb\"},\"inLanguage\":\"tr\",\"potentialAction\":[{\"@type\":\"ReadAction\",\"target\":[\"https:\\\/\\\/uraskoltukyikama.com\\\/?page_id=2501\"]}]},{\"@type\":\"ImageObject\",\"inLanguage\":\"tr\",\"@id\":\"https:\\\/\\\/uraskoltukyikama.com\\\/?page_id=2501#primaryimage\",\"url\":\"https:\\\/\\\/uraskoltukyikama.com\\\/wp-content\\\/uploads\\\/2026\\\/03\\\/oto-koltuk-yikama2-768x576-1.jpg\",\"contentUrl\":\"https:\\\/\\\/uraskoltukyikama.com\\\/wp-content\\\/uploads\\\/2026\\\/03\\\/oto-koltuk-yikama2-768x576-1.jpg\",\"width\":768,\"height\":576},{\"@type\":\"BreadcrumbList\",\"@id\":\"https:\\\/\\\/uraskoltukyikama.com\\\/?page_id=2501#breadcrumb\",\"itemListElement\":[{\"@type\":\"ListItem\",\"position\":1,\"name\":\"Anasayfa\",\"item\":\"https:\\\/\\\/uraskoltukyikama.com\\\/\"},{\"@type\":\"ListItem\",\"position\":2,\"name\":\"Oto Koltu\u011fu Y\u0131kama\"}]},{\"@type\":\"WebSite\",\"@id\":\"https:\\\/\\\/uraskoltukyikama.com\\\/#website\",\"url\":\"https:\\\/\\\/uraskoltukyikama.com\\\/\",\"name\":\"Uras Koltuk Y\u0131kama\",\"description\":\"\",\"publisher\":{\"@id\":\"https:\\\/\\\/uraskoltukyikama.com\\\/#organization\"},\"potentialAction\":[{\"@type\":\"SearchAction\",\"target\":{\"@type\":\"EntryPoint\",\"urlTemplate\":\"https:\\\/\\\/uraskoltukyikama.com\\\/?s={search_term_string}\"},\"query-input\":{\"@type\":\"PropertyValueSpecification\",\"valueRequired\":true,\"valueName\":\"search_term_string\"}}],\"inLanguage\":\"tr\"},{\"@type\":\"Organization\",\"@id\":\"https:\\\/\\\/uraskoltukyikama.com\\\/#organization\",\"name\":\"Uras Koltuk Y\u0131kama\",\"url\":\"https:\\\/\\\/uraskoltukyikama.com\\\/\",\"logo\":{\"@type\":\"ImageObject\",\"inLanguage\":\"tr\",\"@id\":\"https:\\\/\\\/uraskoltukyikama.com\\\/#\\\/schema\\\/logo\\\/image\\\/\",\"url\":\"https:\\\/\\\/uraskoltukyikama.com\\\/wp-content\\\/uploads\\\/2026\\\/03\\\/URASLOGOVECTOR2-scaled.png\",\"contentUrl\":\"https:\\\/\\\/uraskoltukyikama.com\\\/wp-content\\\/uploads\\\/2026\\\/03\\\/URASLOGOVECTOR2-scaled.png\",\"width\":2560,\"height\":799,\"caption\":\"Uras Koltuk Y\u0131kama\"},\"image\":{\"@id\":\"https:\\\/\\\/uraskoltukyikama.com\\\/#\\\/schema\\\/logo\\\/image\\\/\"}}]}<\/script>\n<!-- \/ Yoast SEO plugin. -->","yoast_head_json":{"title":"Oto Koltu\u011fu Y\u0131kama - Uras Koltuk Y\u0131kama","robots":{"index":"index","follow":"follow","max-snippet":"max-snippet:-1","max-image-preview":"max-image-preview:large","max-video-preview":"max-video-preview:-1"},"canonical":"https:\/\/uraskoltukyikama.com\/?page_id=2501","og_locale":"tr_TR","og_type":"article","og_title":"Oto Koltu\u011fu Y\u0131kama - Uras Koltuk Y\u0131kama","og_description":"Ara\u00e7 koltuklar\u0131 zamanla toz, yemek lekeleri ve k\u00f6t\u00fc kokular nedeniyle kirlenebilir. \u00d6zellikle uzun s\u00fcre kullan\u0131lan ara\u00e7larda koltuklar\u0131n temizli\u011fi olduk\u00e7a \u00f6nemlidir. Profesyonel oto koltu\u011fu y\u0131kama hizmetimiz sayesinde ara\u00e7 koltuklar\u0131n\u0131z derinlemesine temizlenir.Yo\u011fun ya\u015fam temposu nedeniyle ev temizli\u011fine yeterli zaman ay\u0131rmak her zaman m\u00fcmk\u00fcn olmayabilir. Profesyonel ev temizli\u011fi hizmetimiz ile evinizin t\u00fcm alanlar\u0131n\u0131 detayl\u0131 \u015fekilde temizliyoruz. Oto Koltu\u011fu [&hellip;]","og_url":"https:\/\/uraskoltukyikama.com\/?page_id=2501","og_site_name":"Uras Koltuk Y\u0131kama","article_modified_time":"2026-04-19T08:25:33+00:00","og_image":[{"width":768,"height":576,"url":"https:\/\/uraskoltukyikama.com\/wp-content\/uploads\/2026\/03\/oto-koltuk-yikama2-768x576-1.jpg","type":"image\/jpeg"}],"twitter_card":"summary_large_image","twitter_misc":{"Tahmini okuma s\u00fcresi":"2 dakika"},"schema":{"@context":"https:\/\/schema.org","@graph":[{"@type":"WebPage","@id":"https:\/\/uraskoltukyikama.com\/?page_id=2501","url":"https:\/\/uraskoltukyikama.com\/?page_id=2501","name":"Oto Koltu\u011fu Y\u0131kama - Uras Koltuk Y\u0131kama","isPartOf":{"@id":"https:\/\/uraskoltukyikama.com\/#website"},"primaryImageOfPage":{"@id":"https:\/\/uraskoltukyikama.com\/?page_id=2501#primaryimage"},"image":{"@id":"https:\/\/uraskoltukyikama.com\/?page_id=2501#primaryimage"},"thumbnailUrl":"https:\/\/uraskoltukyikama.com\/wp-content\/uploads\/2026\/03\/oto-koltuk-yikama2-768x576-1.jpg","datePublished":"2026-04-19T07:56:31+00:00","dateModified":"2026-04-19T08:25:33+00:00","breadcrumb":{"@id":"https:\/\/uraskoltukyikama.com\/?page_id=2501#breadcrumb"},"inLanguage":"tr","potentialAction":[{"@type":"ReadAction","target":["https:\/\/uraskoltukyikama.com\/?page_id=2501"]}]},{"@type":"ImageObject","inLanguage":"tr","@id":"https:\/\/uraskoltukyikama.com\/?page_id=2501#primaryimage","url":"https:\/\/uraskoltukyikama.com\/wp-content\/uploads\/2026\/03\/oto-koltuk-yikama2-768x576-1.jpg","contentUrl":"https:\/\/uraskoltukyikama.com\/wp-content\/uploads\/2026\/03\/oto-koltuk-yikama2-768x576-1.jpg","width":768,"height":576},{"@type":"BreadcrumbList","@id":"https:\/\/uraskoltukyikama.com\/?page_id=2501#breadcrumb","itemListElement":[{"@type":"ListItem","position":1,"name":"Anasayfa","item":"https:\/\/uraskoltukyikama.com\/"},{"@type":"ListItem","position":2,"name":"Oto Koltu\u011fu Y\u0131kama"}]},{"@type":"WebSite","@id":"https:\/\/uraskoltukyikama.com\/#website","url":"https:\/\/uraskoltukyikama.com\/","name":"Uras Koltuk Y\u0131kama","description":"","publisher":{"@id":"https:\/\/uraskoltukyikama.com\/#organization"},"potentialAction":[{"@type":"SearchAction","target":{"@type":"EntryPoint","urlTemplate":"https:\/\/uraskoltukyikama.com\/?s={search_term_string}"},"query-input":{"@type":"PropertyValueSpecification","valueRequired":true,"valueName":"search_term_string"}}],"inLanguage":"tr"},{"@type":"Organization","@id":"https:\/\/uraskoltukyikama.com\/#organization","name":"Uras Koltuk Y\u0131kama","url":"https:\/\/uraskoltukyikama.com\/","logo":{"@type":"ImageObject","inLanguage":"tr","@id":"https:\/\/uraskoltukyikama.com\/#\/schema\/logo\/image\/","url":"https:\/\/uraskoltukyikama.com\/wp-content\/uploads\/2026\/03\/URASLOGOVECTOR2-scaled.png","contentUrl":"https:\/\/uraskoltukyikama.com\/wp-content\/uploads\/2026\/03\/URASLOGOVECTOR2-scaled.png","width":2560,"height":799,"caption":"Uras Koltuk Y\u0131kama"},"image":{"@id":"https:\/\/uraskoltukyikama.com\/#\/schema\/logo\/image\/"}}]}},"_hostinger_reach_plugin_has_subscription_block":false,"_hostinger_reach_plugin_is_elementor":false,"_links":{"self":[{"href":"https:\/\/uraskoltukyikama.com\/index.php?rest_route=\/wp\/v2\/pages\/2501","targetHints":{"allow":["GET"]}}],"collection":[{"href":"https:\/\/uraskoltukyikama.com\/index.php?rest_route=\/wp\/v2\/pages"}],"about":[{"href":"https:\/\/uraskoltukyikama.com\/index.php?rest_route=\/wp\/v2\/types\/page"}],"author":[{"embeddable":true,"href":"https:\/\/uraskoltukyikama.com\/index.php?rest_route=\/wp\/v2\/users\/1"}],"replies":[{"embeddable":true,"href":"https:\/\/uraskoltukyikama.com\/index.php?rest_route=%2Fwp%2Fv2%2Fcomments&post=2501"}],"version-history":[{"count":9,"href":"https:\/\/uraskoltukyikama.com\/index.php?rest_route=\/wp\/v2\/pages\/2501\/revisions"}],"predecessor-version":[{"id":2524,"href":"https:\/\/uraskoltukyikama.com\/index.php?rest_route=\/wp\/v2\/pages\/2501\/revisions\/2524"}],"wp:attachment":[{"href":"https:\/\/uraskoltukyikama.com\/index.php?rest_route=%2Fwp%2Fv2%2Fmedia&parent=2501"}],"curies":[{"name":"wp","href":"https:\/\/api.w.org\/{rel}","templated":true}]}}